{"id":977,"date":"2024-08-14T21:54:46","date_gmt":"2024-08-14T19:54:46","guid":{"rendered":"https:\/\/esunicus.ch\/?page_id=977"},"modified":"2024-09-08T21:10:17","modified_gmt":"2024-09-08T19:10:17","slug":"adhs-autismus","status":"publish","type":"page","link":"https:\/\/esunicus.ch\/fr\/adhs-autismus\/","title":{"rendered":"TDAH\/Autisme"},"content":{"rendered":"<div data-colibri-id=\"977-c1\" class=\"style-544 style-local-977-c1 position-relative\">\n  <!---->\n  <div data-colibri-component=\"section\" data-colibri-id=\"977-c8\" id=\"about-2\" class=\"h-section h-section-global-spacing d-flex align-items-lg-center align-items-md-center align-items-center style-846 style-local-977-c8 position-relative\">\n    <!---->\n    <!---->\n    <div class=\"h-section-grid-container h-section-boxed-container\">\n      <!---->\n      <div data-colibri-id=\"977-c9\" class=\"h-row-container gutters-row-lg-0 gutters-row-md-0 gutters-row-0 gutters-row-v-lg-0 gutters-row-v-md-0 gutters-row-v-0 style-847 style-local-977-c9 position-relative\">\n        <!---->\n        <div class=\"h-row justify-content-lg-center justify-content-md-center justify-content-center align-items-lg-stretch align-items-md-stretch align-items-stretch gutters-col-lg-0 gutters-col-md-0 gutters-col-0 gutters-col-v-lg-0 gutters-col-v-md-0 gutters-col-v-0\">\n          <!---->\n          <div class=\"h-column h-column-container d-flex h-col-lg-auto h-col-md-auto h-col-auto style-848-outer style-local-977-c10-outer\">\n            <div data-colibri-id=\"977-c10\" class=\"d-flex h-flex-basis h-column__inner h-ui-empty-state-container h-px-lg-0 h-px-md-0 h-px-0 v-inner-lg-0 v-inner-md-0 v-inner-0 style-848 style-local-977-c10 position-relative\">\n              <!---->\n              <!---->\n              <div class=\"w-100 h-y-container h-column__content h-column__v-align flex-basis-100\">\n                <!---->\n              <\/div>\n            <\/div>\n          <\/div>\n          <div class=\"h-column h-column-container d-flex h-col-lg-auto h-col-md-auto h-col-auto style-849-outer style-local-977-c11-outer\">\n            <div data-colibri-id=\"977-c11\" class=\"d-flex h-flex-basis h-column__inner h-px-lg-2 h-px-md-2 h-px-2 v-inner-lg-2 v-inner-md-2 v-inner-2 style-849 style-local-977-c11 position-relative\">\n              <!---->\n              <!---->\n              <div class=\"w-100 h-y-container h-column__content h-column__v-align flex-basis-100 align-self-lg-start align-self-md-start align-self-start\">\n                <!---->\n                <div data-colibri-id=\"977-c13\" class=\"h-global-transition-all h-heading style-851 style-local-977-c13 position-relative h-element\">\n                  <!---->\n                  <div class=\"h-heading__outer style-851 style-local-977-c13\">\n                    <!---->\n                    <!---->\n                    <h2 class=\"\">TDAH\/Autisme<\/h2>\n                  <\/div>\n                <\/div>\n                <div data-colibri-id=\"977-c14\" class=\"h-text h-text-component style-852 style-local-977-c14 position-relative h-element\">\n                  <!---->\n                  <!---->\n                  <div class=\"\">\n                    <p>Lors de la consultation, je partage mes connaissances avec toi et je t'accompagne dans une meilleure compr\u00e9hension de tes enfants et de leurs probl\u00e9matiques. Tu recevras des conseils pr\u00e9cieux et pratiques sur la fa\u00e7on de g\u00e9rer le TDAH et l\u2019autisme de ton enfant.<\/p>\n                  <\/div>\n                <\/div>\n              <\/div>\n            <\/div>\n          <\/div>\n        <\/div>\n      <\/div>\n    <\/div>\n  <\/div>\n<\/div>","protected":false},"excerpt":{"rendered":"<p>ADHS \/ Autismus In der Beratung teile ich mein Wissen mit Dir und unterst\u00fctze Dich darin, Deine Kinder und ihre Problematik besser zu verstehen. Du erh\u00e4ltst wertvolle und praxisnahe Tipps im Umgang mit ADHS, Autismus von Deinen Kindern. Du lernst gelassener damit umzugehen und darauf zu vertrauen, dass auch Deine Kinder lernen ihre Ressourcen zu [&hellip;]<\/p>","protected":false},"author":1,"featured_media":0,"parent":0,"menu_order":0,"comment_status":"closed","ping_status":"closed","template":"page-templates\/full-width-page.php","meta":{"_uag_custom_page_level_css":"","footnotes":""},"class_list":["post-977","page","type-page","status-publish","hentry"],"yoast_head":"<!-- This site is optimized with the Yoast SEO plugin v25.1 - https:\/\/yoast.com\/wordpress\/plugins\/seo\/ -->\n<title>ADHS\/Autismus - weil auch Du einzigartig bist<\/title>\n<meta name=\"description\" content=\"Im Coaching geht es nur um Dich. Ich unterst\u00fctze Dich dabei, wenn Du Deine Gegenwart und Deine Zukunft neu gestalten m\u00f6chtest.\" \/>\n<meta name=\"robots\" content=\"index, follow, max-snippet:-1, max-image-preview:large, max-video-preview:-1\" \/>\n<link rel=\"canonical\" href=\"https:\/\/esunicus.ch\/fr\/adhs-autismus\/\" \/>\n<meta property=\"og:locale\" content=\"fr_FR\" \/>\n<meta property=\"og:type\" content=\"article\" \/>\n<meta property=\"og:title\" content=\"ADHS\/Autismus - weil auch Du einzigartig bist\" \/>\n<meta property=\"og:description\" content=\"Im Coaching geht es nur um Dich. Ich unterst\u00fctze Dich dabei, wenn Du Deine Gegenwart und Deine Zukunft neu gestalten m\u00f6chtest.\" \/>\n<meta property=\"og:url\" content=\"https:\/\/esunicus.ch\/fr\/adhs-autismus\/\" \/>\n<meta property=\"og:site_name\" content=\"weil auch Du einzigartig bist\" \/>\n<meta property=\"article:publisher\" content=\"https:\/\/www.facebook.com\/esunicus\" \/>\n<meta property=\"article:modified_time\" content=\"2024-09-08T19:10:17+00:00\" \/>\n<meta name=\"twitter:card\" content=\"summary_large_image\" \/>\n<meta name=\"twitter:label1\" content=\"Dur\u00e9e de lecture estim\u00e9e\" \/>\n\t<meta name=\"twitter:data1\" content=\"1 minute\" \/>\n<script type=\"application\/ld+json\" class=\"yoast-schema-graph\">{\"@context\":\"https:\/\/schema.org\",\"@graph\":[{\"@type\":\"WebPage\",\"@id\":\"https:\/\/esunicus.ch\/adhs-autismus\/\",\"url\":\"https:\/\/esunicus.ch\/adhs-autismus\/\",\"name\":\"ADHS\/Autismus - weil auch Du einzigartig bist\",\"isPartOf\":{\"@id\":\"https:\/\/esunicus.ch\/#website\"},\"datePublished\":\"2024-08-14T19:54:46+00:00\",\"dateModified\":\"2024-09-08T19:10:17+00:00\",\"description\":\"Im Coaching geht es nur um Dich. Ich unterst\u00fctze Dich dabei, wenn Du Deine Gegenwart und Deine Zukunft neu gestalten m\u00f6chtest.\",\"breadcrumb\":{\"@id\":\"https:\/\/esunicus.ch\/adhs-autismus\/#breadcrumb\"},\"inLanguage\":\"fr-FR\",\"potentialAction\":[{\"@type\":\"ReadAction\",\"target\":[\"https:\/\/esunicus.ch\/adhs-autismus\/\"]}]},{\"@type\":\"BreadcrumbList\",\"@id\":\"https:\/\/esunicus.ch\/adhs-autismus\/#breadcrumb\",\"itemListElement\":[{\"@type\":\"ListItem\",\"position\":1,\"name\":\"Startseite\",\"item\":\"https:\/\/esunicus.ch\/\"},{\"@type\":\"ListItem\",\"position\":2,\"name\":\"ADHS\/Autismus\"}]},{\"@type\":\"WebSite\",\"@id\":\"https:\/\/esunicus.ch\/#website\",\"url\":\"https:\/\/esunicus.ch\/\",\"name\":\"Sozialp\u00e4dagogische Familienbegleitung\",\"description\":\"Coaching \/ Beratung \/ Begleitung\",\"publisher\":{\"@id\":\"https:\/\/esunicus.ch\/#organization\"},\"potentialAction\":[{\"@type\":\"SearchAction\",\"target\":{\"@type\":\"EntryPoint\",\"urlTemplate\":\"https:\/\/esunicus.ch\/?s={search_term_string}\"},\"query-input\":{\"@type\":\"PropertyValueSpecification\",\"valueRequired\":true,\"valueName\":\"search_term_string\"}}],\"inLanguage\":\"fr-FR\"},{\"@type\":\"Organization\",\"@id\":\"https:\/\/esunicus.ch\/#organization\",\"name\":\"Esunicus\",\"url\":\"https:\/\/esunicus.ch\/\",\"logo\":{\"@type\":\"ImageObject\",\"inLanguage\":\"fr-FR\",\"@id\":\"https:\/\/esunicus.ch\/#\/schema\/logo\/image\/\",\"url\":\"https:\/\/esunicus.ch\/wp-content\/uploads\/2024\/08\/cropped-cropped-esunicus_logo.png\",\"contentUrl\":\"https:\/\/esunicus.ch\/wp-content\/uploads\/2024\/08\/cropped-cropped-esunicus_logo.png\",\"width\":3329,\"height\":678,\"caption\":\"Esunicus\"},\"image\":{\"@id\":\"https:\/\/esunicus.ch\/#\/schema\/logo\/image\/\"},\"sameAs\":[\"https:\/\/www.facebook.com\/esunicus\"]}]}<\/script>\n<!-- \/ Yoast SEO plugin. -->","yoast_head_json":{"title":"ADHS\/Autismus - weil auch Du einzigartig bist","description":"Im Coaching geht es nur um Dich. Ich unterst\u00fctze Dich dabei, wenn Du Deine Gegenwart und Deine Zukunft neu gestalten m\u00f6chtest.","robots":{"index":"index","follow":"follow","max-snippet":"max-snippet:-1","max-image-preview":"max-image-preview:large","max-video-preview":"max-video-preview:-1"},"canonical":"https:\/\/esunicus.ch\/fr\/adhs-autismus\/","og_locale":"fr_FR","og_type":"article","og_title":"ADHS\/Autismus - weil auch Du einzigartig bist","og_description":"Im Coaching geht es nur um Dich. Ich unterst\u00fctze Dich dabei, wenn Du Deine Gegenwart und Deine Zukunft neu gestalten m\u00f6chtest.","og_url":"https:\/\/esunicus.ch\/fr\/adhs-autismus\/","og_site_name":"weil auch Du einzigartig bist","article_publisher":"https:\/\/www.facebook.com\/esunicus","article_modified_time":"2024-09-08T19:10:17+00:00","twitter_card":"summary_large_image","twitter_misc":{"Dur\u00e9e de lecture estim\u00e9e":"1 minute"},"schema":{"@context":"https:\/\/schema.org","@graph":[{"@type":"WebPage","@id":"https:\/\/esunicus.ch\/adhs-autismus\/","url":"https:\/\/esunicus.ch\/adhs-autismus\/","name":"ADHS\/Autismus - weil auch Du einzigartig bist","isPartOf":{"@id":"https:\/\/esunicus.ch\/#website"},"datePublished":"2024-08-14T19:54:46+00:00","dateModified":"2024-09-08T19:10:17+00:00","description":"Im Coaching geht es nur um Dich. Ich unterst\u00fctze Dich dabei, wenn Du Deine Gegenwart und Deine Zukunft neu gestalten m\u00f6chtest.","breadcrumb":{"@id":"https:\/\/esunicus.ch\/adhs-autismus\/#breadcrumb"},"inLanguage":"fr-FR","potentialAction":[{"@type":"ReadAction","target":["https:\/\/esunicus.ch\/adhs-autismus\/"]}]},{"@type":"BreadcrumbList","@id":"https:\/\/esunicus.ch\/adhs-autismus\/#breadcrumb","itemListElement":[{"@type":"ListItem","position":1,"name":"Startseite","item":"https:\/\/esunicus.ch\/"},{"@type":"ListItem","position":2,"name":"ADHS\/Autismus"}]},{"@type":"WebSite","@id":"https:\/\/esunicus.ch\/#website","url":"https:\/\/esunicus.ch\/","name":"Sozialp\u00e4dagogische Familienbegleitung","description":"Coaching \/ Beratung \/ Begleitung","publisher":{"@id":"https:\/\/esunicus.ch\/#organization"},"potentialAction":[{"@type":"SearchAction","target":{"@type":"EntryPoint","urlTemplate":"https:\/\/esunicus.ch\/?s={search_term_string}"},"query-input":{"@type":"PropertyValueSpecification","valueRequired":true,"valueName":"search_term_string"}}],"inLanguage":"fr-FR"},{"@type":"Organization","@id":"https:\/\/esunicus.ch\/#organization","name":"Esunicus","url":"https:\/\/esunicus.ch\/","logo":{"@type":"ImageObject","inLanguage":"fr-FR","@id":"https:\/\/esunicus.ch\/#\/schema\/logo\/image\/","url":"https:\/\/esunicus.ch\/wp-content\/uploads\/2024\/08\/cropped-cropped-esunicus_logo.png","contentUrl":"https:\/\/esunicus.ch\/wp-content\/uploads\/2024\/08\/cropped-cropped-esunicus_logo.png","width":3329,"height":678,"caption":"Esunicus"},"image":{"@id":"https:\/\/esunicus.ch\/#\/schema\/logo\/image\/"},"sameAs":["https:\/\/www.facebook.com\/esunicus"]}]}},"uagb_featured_image_src":{"full":false,"thumbnail":false,"medium":false,"medium_large":false,"large":false,"1536x1536":false,"2048x2048":false,"trp-custom-language-flag":false},"uagb_author_info":{"display_name":"Tania","author_link":"https:\/\/esunicus.ch\/fr\/author\/tania\/"},"uagb_comment_info":0,"uagb_excerpt":"ADHS \/ Autismus In der Beratung teile ich mein Wissen mit Dir und unterst\u00fctze Dich darin, Deine Kinder und ihre Problematik besser zu verstehen. Du erh\u00e4ltst wertvolle und praxisnahe Tipps im Umgang mit ADHS, Autismus von Deinen Kindern. Du lernst gelassener damit umzugehen und darauf zu vertrauen, dass auch Deine Kinder lernen ihre Ressourcen zu\u2026","_links":{"self":[{"href":"https:\/\/esunicus.ch\/fr\/wp-json\/wp\/v2\/pages\/977","targetHints":{"allow":["GET"]}}],"collection":[{"href":"https:\/\/esunicus.ch\/fr\/wp-json\/wp\/v2\/pages"}],"about":[{"href":"https:\/\/esunicus.ch\/fr\/wp-json\/wp\/v2\/types\/page"}],"author":[{"embeddable":true,"href":"https:\/\/esunicus.ch\/fr\/wp-json\/wp\/v2\/users\/1"}],"replies":[{"embeddable":true,"href":"https:\/\/esunicus.ch\/fr\/wp-json\/wp\/v2\/comments?post=977"}],"version-history":[{"count":20,"href":"https:\/\/esunicus.ch\/fr\/wp-json\/wp\/v2\/pages\/977\/revisions"}],"predecessor-version":[{"id":2671,"href":"https:\/\/esunicus.ch\/fr\/wp-json\/wp\/v2\/pages\/977\/revisions\/2671"}],"wp:attachment":[{"href":"https:\/\/esunicus.ch\/fr\/wp-json\/wp\/v2\/media?parent=977"}],"curies":[{"name":"wp","href":"https:\/\/api.w.org\/{rel}","templated":true}]}}