{"id":945,"date":"2024-08-14T21:17:56","date_gmt":"2024-08-14T19:17:56","guid":{"rendered":"https:\/\/esunicus.ch\/?page_id=945"},"modified":"2024-09-08T20:12:49","modified_gmt":"2024-09-08T18:12:49","slug":"beratung-begleitung","status":"publish","type":"page","link":"https:\/\/esunicus.ch\/fr\/beratung-begleitung\/","title":{"rendered":"Beratung\/Begleitung"},"content":{"rendered":"<div data-colibri-id=\"945-c1\" class=\"style-539 style-local-945-c1 position-relative\">\n  <!---->\n  <div data-colibri-component=\"section\" data-colibri-id=\"945-c2\" id=\"about\" class=\"h-section h-section-global-spacing d-flex align-items-lg-center align-items-md-center align-items-center style-555 style-local-945-c2 position-relative\">\n    <!---->\n    <!---->\n    <div class=\"h-section-grid-container h-section-boxed-container\">\n      <!---->\n      <div data-colibri-id=\"945-c3\" class=\"h-row-container gutters-row-lg-0 gutters-row-md-0 gutters-row-0 gutters-row-v-lg-0 gutters-row-v-md-0 gutters-row-v-0 style-556 style-local-945-c3 position-relative\">\n        <!---->\n        <div class=\"h-row justify-content-lg-center justify-content-md-center justify-content-center align-items-lg-stretch align-items-md-stretch align-items-stretch gutters-col-lg-0 gutters-col-md-0 gutters-col-0 gutters-col-v-lg-0 gutters-col-v-md-0 gutters-col-v-0\">\n          <!---->\n          <div data-aos=\"fadeInDown\" class=\"h-column h-column-container d-flex h-col-lg-auto h-col-md-auto h-col-auto style-557-outer style-local-945-c4-outer\">\n            <div data-colibri-id=\"945-c4\" class=\"d-flex h-flex-basis h-column__inner h-px-lg-0 h-px-md-0 h-px-0 v-inner-lg-0 v-inner-md-0 v-inner-0 style-557 style-local-945-c4 position-relative\">\n              <!---->\n              <!---->\n              <div class=\"w-100 h-y-container h-column__content h-column__v-align flex-basis-100 align-self-lg-start align-self-md-start align-self-start\">\n                <!---->\n                <div data-colibri-id=\"945-c5\" class=\"h-global-transition-all h-heading style-558 style-local-945-c5 position-relative h-element\">\n                  <!---->\n                  <div class=\"h-heading__outer style-558 style-local-945-c5\">\n                    <!---->\n                    <!---->\n                    <h2 class=\"\">\n                      <br>Accompagnement<\/h2>\n                  <\/div>\n                <\/div>\n                <div data-colibri-id=\"945-c6\" class=\"h-text h-text-component style-560 style-local-945-c6 position-relative h-element\">\n                  <!---->\n                  <!---->\n                  <div class=\"\">\n                    <p>Je te conseille dans des situations de crise et\/ou de conflit avec tes enfants.<\/p>\n                    <p>Gr\u00e2ce \u00e0 mes nombreuses ann\u00e9es d'exp\u00e9rience professionnelle, mon expertise en formation et mon exp\u00e9rience de m\u00e8re de trois enfants d\u00e9sormais adultes, j'apporte non seulement des connaissances th\u00e9oriques, mais \u00e9galement des outils pratiques.<\/p>\n                    <p>Je vais te montrer comment tu peux faire une grande diff\u00e9rence avec de petits changements dans ta vie quotidienne.<\/p>\n                  <\/div>\n                <\/div>\n              <\/div>\n            <\/div>\n          <\/div>\n          <div class=\"h-column h-column-container d-flex h-col-lg-auto h-col-md-auto h-col-auto style-561-outer style-local-945-c7-outer\">\n            <div data-colibri-id=\"945-c7\" class=\"d-flex h-flex-basis h-column__inner h-ui-empty-state-container h-px-lg-2 h-px-md-2 h-px-2 v-inner-lg-2 v-inner-md-2 v-inner-2 style-561 style-local-945-c7 position-relative\">\n              <!---->\n              <!---->\n              <div class=\"w-100 h-y-container h-column__content h-column__v-align flex-basis-100\">\n                <!---->\n              <\/div>\n            <\/div>\n          <\/div>\n        <\/div>\n      <\/div>\n    <\/div>\n  <\/div>\n<\/div>","protected":false},"excerpt":{"rendered":"<p>Beratung \/ Begleitung Ich berate Dich in Krisen- und\/oder Konfliktsituationen mit Deinen Kindern. Durch meine Langj\u00e4rige Berufserfahrung, meinem Ausbildungsfachwissen, sowie meine Erfahrung als Mutter von drei inzwischen erwachsene Kindern, bringe ich nicht nur theoretisches Wissen mit, sondern praxisf\u00e4hige tools. Ich zeige Dir wie Du mit kleinen Ver\u00e4nderungen im Alltag grosses Bewirken kannst.<\/p>","protected":false},"author":1,"featured_media":0,"parent":0,"menu_order":0,"comment_status":"closed","ping_status":"closed","template":"page-templates\/full-width-page.php","meta":{"_uag_custom_page_level_css":"","footnotes":""},"class_list":["post-945","page","type-page","status-publish","hentry"],"yoast_head":"<!-- This site is optimized with the Yoast SEO plugin v25.1 - https:\/\/yoast.com\/wordpress\/plugins\/seo\/ -->\n<title>Beratung\/Begleitung - weil auch Du einzigartig bist<\/title>\n<meta name=\"robots\" content=\"index, follow, max-snippet:-1, max-image-preview:large, max-video-preview:-1\" \/>\n<link rel=\"canonical\" href=\"https:\/\/esunicus.ch\/fr\/beratung-begleitung\/\" \/>\n<meta property=\"og:locale\" content=\"fr_FR\" \/>\n<meta property=\"og:type\" content=\"article\" \/>\n<meta property=\"og:title\" content=\"Beratung\/Begleitung - weil auch Du einzigartig bist\" \/>\n<meta property=\"og:description\" content=\"Beratung \/ Begleitung Ich berate Dich in Krisen- und\/oder Konfliktsituationen mit Deinen Kindern. Durch meine Langj\u00e4rige Berufserfahrung, meinem Ausbildungsfachwissen, sowie meine Erfahrung als Mutter von drei inzwischen erwachsene Kindern, bringe ich nicht nur theoretisches Wissen mit, sondern praxisf\u00e4hige tools. Ich zeige Dir wie Du mit kleinen Ver\u00e4nderungen im Alltag grosses Bewirken kannst.\" \/>\n<meta property=\"og:url\" content=\"https:\/\/esunicus.ch\/fr\/beratung-begleitung\/\" \/>\n<meta property=\"og:site_name\" content=\"weil auch Du einzigartig bist\" \/>\n<meta property=\"article:publisher\" content=\"https:\/\/www.facebook.com\/esunicus\" \/>\n<meta property=\"article:modified_time\" content=\"2024-09-08T18:12:49+00:00\" \/>\n<meta name=\"twitter:card\" content=\"summary_large_image\" \/>\n<meta name=\"twitter:label1\" content=\"Dur\u00e9e de lecture estim\u00e9e\" \/>\n\t<meta name=\"twitter:data1\" content=\"1 minute\" \/>\n<script type=\"application\/ld+json\" class=\"yoast-schema-graph\">{\"@context\":\"https:\/\/schema.org\",\"@graph\":[{\"@type\":\"WebPage\",\"@id\":\"https:\/\/esunicus.ch\/beratung-begleitung\/\",\"url\":\"https:\/\/esunicus.ch\/beratung-begleitung\/\",\"name\":\"Beratung\/Begleitung - weil auch Du einzigartig bist\",\"isPartOf\":{\"@id\":\"https:\/\/esunicus.ch\/#website\"},\"datePublished\":\"2024-08-14T19:17:56+00:00\",\"dateModified\":\"2024-09-08T18:12:49+00:00\",\"breadcrumb\":{\"@id\":\"https:\/\/esunicus.ch\/beratung-begleitung\/#breadcrumb\"},\"inLanguage\":\"fr-FR\",\"potentialAction\":[{\"@type\":\"ReadAction\",\"target\":[\"https:\/\/esunicus.ch\/beratung-begleitung\/\"]}]},{\"@type\":\"BreadcrumbList\",\"@id\":\"https:\/\/esunicus.ch\/beratung-begleitung\/#breadcrumb\",\"itemListElement\":[{\"@type\":\"ListItem\",\"position\":1,\"name\":\"Startseite\",\"item\":\"https:\/\/esunicus.ch\/\"},{\"@type\":\"ListItem\",\"position\":2,\"name\":\"Beratung\/Begleitung\"}]},{\"@type\":\"WebSite\",\"@id\":\"https:\/\/esunicus.ch\/#website\",\"url\":\"https:\/\/esunicus.ch\/\",\"name\":\"Sozialp\u00e4dagogische Familienbegleitung\",\"description\":\"Coaching \/ Beratung \/ Begleitung\",\"publisher\":{\"@id\":\"https:\/\/esunicus.ch\/#organization\"},\"potentialAction\":[{\"@type\":\"SearchAction\",\"target\":{\"@type\":\"EntryPoint\",\"urlTemplate\":\"https:\/\/esunicus.ch\/?s={search_term_string}\"},\"query-input\":{\"@type\":\"PropertyValueSpecification\",\"valueRequired\":true,\"valueName\":\"search_term_string\"}}],\"inLanguage\":\"fr-FR\"},{\"@type\":\"Organization\",\"@id\":\"https:\/\/esunicus.ch\/#organization\",\"name\":\"Esunicus\",\"url\":\"https:\/\/esunicus.ch\/\",\"logo\":{\"@type\":\"ImageObject\",\"inLanguage\":\"fr-FR\",\"@id\":\"https:\/\/esunicus.ch\/#\/schema\/logo\/image\/\",\"url\":\"https:\/\/esunicus.ch\/wp-content\/uploads\/2024\/08\/cropped-cropped-esunicus_logo.png\",\"contentUrl\":\"https:\/\/esunicus.ch\/wp-content\/uploads\/2024\/08\/cropped-cropped-esunicus_logo.png\",\"width\":3329,\"height\":678,\"caption\":\"Esunicus\"},\"image\":{\"@id\":\"https:\/\/esunicus.ch\/#\/schema\/logo\/image\/\"},\"sameAs\":[\"https:\/\/www.facebook.com\/esunicus\"]}]}<\/script>\n<!-- \/ Yoast SEO plugin. -->","yoast_head_json":{"title":"Beratung\/Begleitung - weil auch Du einzigartig bist","robots":{"index":"index","follow":"follow","max-snippet":"max-snippet:-1","max-image-preview":"max-image-preview:large","max-video-preview":"max-video-preview:-1"},"canonical":"https:\/\/esunicus.ch\/fr\/beratung-begleitung\/","og_locale":"fr_FR","og_type":"article","og_title":"Beratung\/Begleitung - weil auch Du einzigartig bist","og_description":"Beratung \/ Begleitung Ich berate Dich in Krisen- und\/oder Konfliktsituationen mit Deinen Kindern. Durch meine Langj\u00e4rige Berufserfahrung, meinem Ausbildungsfachwissen, sowie meine Erfahrung als Mutter von drei inzwischen erwachsene Kindern, bringe ich nicht nur theoretisches Wissen mit, sondern praxisf\u00e4hige tools. Ich zeige Dir wie Du mit kleinen Ver\u00e4nderungen im Alltag grosses Bewirken kannst.","og_url":"https:\/\/esunicus.ch\/fr\/beratung-begleitung\/","og_site_name":"weil auch Du einzigartig bist","article_publisher":"https:\/\/www.facebook.com\/esunicus","article_modified_time":"2024-09-08T18:12:49+00:00","twitter_card":"summary_large_image","twitter_misc":{"Dur\u00e9e de lecture estim\u00e9e":"1 minute"},"schema":{"@context":"https:\/\/schema.org","@graph":[{"@type":"WebPage","@id":"https:\/\/esunicus.ch\/beratung-begleitung\/","url":"https:\/\/esunicus.ch\/beratung-begleitung\/","name":"Beratung\/Begleitung - weil auch Du einzigartig bist","isPartOf":{"@id":"https:\/\/esunicus.ch\/#website"},"datePublished":"2024-08-14T19:17:56+00:00","dateModified":"2024-09-08T18:12:49+00:00","breadcrumb":{"@id":"https:\/\/esunicus.ch\/beratung-begleitung\/#breadcrumb"},"inLanguage":"fr-FR","potentialAction":[{"@type":"ReadAction","target":["https:\/\/esunicus.ch\/beratung-begleitung\/"]}]},{"@type":"BreadcrumbList","@id":"https:\/\/esunicus.ch\/beratung-begleitung\/#breadcrumb","itemListElement":[{"@type":"ListItem","position":1,"name":"Startseite","item":"https:\/\/esunicus.ch\/"},{"@type":"ListItem","position":2,"name":"Beratung\/Begleitung"}]},{"@type":"WebSite","@id":"https:\/\/esunicus.ch\/#website","url":"https:\/\/esunicus.ch\/","name":"Sozialp\u00e4dagogische Familienbegleitung","description":"Coaching \/ Beratung \/ Begleitung","publisher":{"@id":"https:\/\/esunicus.ch\/#organization"},"potentialAction":[{"@type":"SearchAction","target":{"@type":"EntryPoint","urlTemplate":"https:\/\/esunicus.ch\/?s={search_term_string}"},"query-input":{"@type":"PropertyValueSpecification","valueRequired":true,"valueName":"search_term_string"}}],"inLanguage":"fr-FR"},{"@type":"Organization","@id":"https:\/\/esunicus.ch\/#organization","name":"Esunicus","url":"https:\/\/esunicus.ch\/","logo":{"@type":"ImageObject","inLanguage":"fr-FR","@id":"https:\/\/esunicus.ch\/#\/schema\/logo\/image\/","url":"https:\/\/esunicus.ch\/wp-content\/uploads\/2024\/08\/cropped-cropped-esunicus_logo.png","contentUrl":"https:\/\/esunicus.ch\/wp-content\/uploads\/2024\/08\/cropped-cropped-esunicus_logo.png","width":3329,"height":678,"caption":"Esunicus"},"image":{"@id":"https:\/\/esunicus.ch\/#\/schema\/logo\/image\/"},"sameAs":["https:\/\/www.facebook.com\/esunicus"]}]}},"uagb_featured_image_src":{"full":false,"thumbnail":false,"medium":false,"medium_large":false,"large":false,"1536x1536":false,"2048x2048":false,"trp-custom-language-flag":false},"uagb_author_info":{"display_name":"Tania","author_link":"https:\/\/esunicus.ch\/fr\/author\/tania\/"},"uagb_comment_info":0,"uagb_excerpt":"Beratung \/ Begleitung Ich berate Dich in Krisen- und\/oder Konfliktsituationen mit Deinen Kindern. Durch meine Langj\u00e4rige Berufserfahrung, meinem Ausbildungsfachwissen, sowie meine Erfahrung als Mutter von drei inzwischen erwachsene Kindern, bringe ich nicht nur theoretisches Wissen mit, sondern praxisf\u00e4hige tools. Ich zeige Dir wie Du mit kleinen Ver\u00e4nderungen im Alltag grosses Bewirken kannst.","_links":{"self":[{"href":"https:\/\/esunicus.ch\/fr\/wp-json\/wp\/v2\/pages\/945","targetHints":{"allow":["GET"]}}],"collection":[{"href":"https:\/\/esunicus.ch\/fr\/wp-json\/wp\/v2\/pages"}],"about":[{"href":"https:\/\/esunicus.ch\/fr\/wp-json\/wp\/v2\/types\/page"}],"author":[{"embeddable":true,"href":"https:\/\/esunicus.ch\/fr\/wp-json\/wp\/v2\/users\/1"}],"replies":[{"embeddable":true,"href":"https:\/\/esunicus.ch\/fr\/wp-json\/wp\/v2\/comments?post=945"}],"version-history":[{"count":20,"href":"https:\/\/esunicus.ch\/fr\/wp-json\/wp\/v2\/pages\/945\/revisions"}],"predecessor-version":[{"id":2653,"href":"https:\/\/esunicus.ch\/fr\/wp-json\/wp\/v2\/pages\/945\/revisions\/2653"}],"wp:attachment":[{"href":"https:\/\/esunicus.ch\/fr\/wp-json\/wp\/v2\/media?parent=945"}],"curies":[{"name":"wp","href":"https:\/\/api.w.org\/{rel}","templated":true}]}}