{"id":939,"date":"2024-08-14T21:01:53","date_gmt":"2024-08-14T19:01:53","guid":{"rendered":"https:\/\/esunicus.ch\/?page_id=939"},"modified":"2024-11-25T17:34:11","modified_gmt":"2024-11-25T16:34:11","slug":"psychische-krankheit","status":"publish","type":"page","link":"https:\/\/esunicus.ch\/fr\/psychische-krankheit\/","title":{"rendered":"Trouble psychique"},"content":{"rendered":"<div class=\"style-562 style-local-939-c1 position-relative\" data-colibri-id=\"939-c1\">\n<div id=\"about\" class=\"h-section h-section-global-spacing d-flex align-items-lg-center align-items-md-center align-items-center style-567 style-local-939-c2 position-relative\" data-colibri-component=\"section\" data-colibri-id=\"939-c2\">\n<div class=\"h-section-grid-container h-section-boxed-container\">\n<div class=\"h-row-container gutters-row-lg-2 gutters-row-md-2 gutters-row-0 gutters-row-v-lg-2 gutters-row-v-md-2 gutters-row-v-2 style-671 style-local-939-c3 position-relative\" data-colibri-id=\"939-c3\">\n<div class=\"h-row justify-content-lg-center justify-content-md-center justify-content-center align-items-lg-stretch align-items-md-stretch align-items-stretch gutters-col-lg-2 gutters-col-md-2 gutters-col-0 gutters-col-v-lg-2 gutters-col-v-md-2 gutters-col-v-2\">\n<div class=\"h-column h-column-container d-flex h-col-lg-auto h-col-md-auto h-col-auto style-672-outer style-local-939-c4-outer\">\n<div class=\"d-flex h-flex-basis h-column__inner h-ui-empty-state-container h-px-lg-2 h-px-md-2 h-px-2 v-inner-lg-2 v-inner-md-2 v-inner-2 style-672 style-local-939-c4 position-relative\" data-colibri-id=\"939-c4\">\n<div class=\"w-100 h-y-container h-column__content h-column__v-align flex-basis-100\"><\/div>\n<\/div>\n<\/div>\n<\/div>\n<\/div>\n<div class=\"h-row-container gutters-row-lg-2 gutters-row-md-2 gutters-row-2 gutters-row-v-lg-2 gutters-row-v-md-2 gutters-row-v-2 style-568 style-local-939-c5 position-relative\" data-colibri-id=\"939-c5\">\n<div class=\"h-row justify-content-lg-center justify-content-md-center justify-content-center align-items-lg-stretch align-items-md-stretch align-items-stretch gutters-col-lg-2 gutters-col-md-2 gutters-col-2 gutters-col-v-lg-2 gutters-col-v-md-2 gutters-col-v-2\">\n<div class=\"h-column h-column-container d-flex h-col-lg-auto h-col-md-auto h-col-auto style-569-outer style-local-939-c6-outer\" data-aos=\"fadeInDown\">\n<div class=\"d-flex h-flex-basis h-column__inner h-px-lg-2 h-px-md-2 h-px-2 v-inner-lg-2 v-inner-md-2 v-inner-2 style-569 style-local-939-c6 position-relative\" data-colibri-id=\"939-c6\">\n<div class=\"w-100 h-y-container h-column__content h-column__v-align flex-basis-100 align-self-lg-center align-self-md-center align-self-center\">\n<div class=\"h-text h-text-component style-572 style-local-939-c7 position-relative h-element\" data-colibri-id=\"939-c7\">\n<div class=\"\">\n<h2>Trouble psychique<\/h2>\nAccompagner des enfants avec des troubles psychiques constitue un d\u00e9fi majeur pour les parents. Gr\u00e2ce \u00e0 mes connaissances sp\u00e9cialis\u00e9es et \u00e0 mes propres exp\u00e9riences, j'accompagne les parents durant cette p\u00e9riode mouvement\u00e9e et les aide \u00e0 d\u00e9velopper leurs propres ressources\net je les assiste avec des suggestions concr\u00e8tes.\n\n<\/div>\n<\/div>\n<\/div>\n<\/div>\n<\/div>\n<div class=\"h-column h-column-container d-flex h-col-lg-auto h-col-md-auto h-col-auto style-575-outer style-local-939-c8-outer\">\n<div class=\"d-flex h-flex-basis h-column__inner h-ui-empty-state-container h-px-lg-2 h-px-md-2 h-px-2 v-inner-lg-2 v-inner-md-2 v-inner-2 style-575 style-local-939-c8 position-relative\" data-colibri-id=\"939-c8\">\n<div class=\"w-100 h-y-container h-column__content h-column__v-align flex-basis-100\"><\/div>\n<\/div>\n<\/div>\n<\/div>\n<\/div>\n<\/div>\n<\/div>\n<\/div>","protected":false},"excerpt":{"rendered":"<p>Psychische Krankheit Die Begleitung von psychisch kranken Kindern ist f\u00fcr Eltern eine grosse Herausforderung. Basierend auf meinem Fachwissen und meine eigene Erfahrungen, begleite ich Eltern durch diese turbulente Zeit, helfe Ihnen Ihre eigene Ressourcen einzusetzen und stehe ihnen mit konkreten Vorschl\u00e4ge zur Seite.<\/p>","protected":false},"author":1,"featured_media":0,"parent":0,"menu_order":0,"comment_status":"closed","ping_status":"closed","template":"page-templates\/full-width-page.php","meta":{"_uag_custom_page_level_css":"","footnotes":""},"class_list":["post-939","page","type-page","status-publish","hentry"],"yoast_head":"<!-- This site is optimized with the Yoast SEO plugin v25.1 - https:\/\/yoast.com\/wordpress\/plugins\/seo\/ -->\n<title>Psychische Krankheit - weil auch Du einzigartig bist<\/title>\n<meta name=\"robots\" content=\"index, follow, max-snippet:-1, max-image-preview:large, max-video-preview:-1\" \/>\n<link rel=\"canonical\" href=\"https:\/\/esunicus.ch\/fr\/psychische-krankheit\/\" \/>\n<meta property=\"og:locale\" content=\"fr_FR\" \/>\n<meta property=\"og:type\" content=\"article\" \/>\n<meta property=\"og:title\" content=\"Psychische Krankheit - weil auch Du einzigartig bist\" \/>\n<meta property=\"og:description\" content=\"Psychische Krankheit Die Begleitung von psychisch kranken Kindern ist f\u00fcr Eltern eine grosse Herausforderung. Basierend auf meinem Fachwissen und meine eigene Erfahrungen, begleite ich Eltern durch diese turbulente Zeit, helfe Ihnen Ihre eigene Ressourcen einzusetzen und stehe ihnen mit konkreten Vorschl\u00e4ge zur Seite.\" \/>\n<meta property=\"og:url\" content=\"https:\/\/esunicus.ch\/fr\/psychische-krankheit\/\" \/>\n<meta property=\"og:site_name\" content=\"weil auch Du einzigartig bist\" \/>\n<meta property=\"article:publisher\" content=\"https:\/\/www.facebook.com\/esunicus\" \/>\n<meta property=\"article:modified_time\" content=\"2024-11-25T16:34:11+00:00\" \/>\n<meta name=\"twitter:card\" content=\"summary_large_image\" \/>\n<meta name=\"twitter:label1\" content=\"Dur\u00e9e de lecture estim\u00e9e\" \/>\n\t<meta name=\"twitter:data1\" content=\"1 minute\" \/>\n<script type=\"application\/ld+json\" class=\"yoast-schema-graph\">{\"@context\":\"https:\/\/schema.org\",\"@graph\":[{\"@type\":\"WebPage\",\"@id\":\"https:\/\/esunicus.ch\/psychische-krankheit\/\",\"url\":\"https:\/\/esunicus.ch\/psychische-krankheit\/\",\"name\":\"Psychische Krankheit - weil auch Du einzigartig bist\",\"isPartOf\":{\"@id\":\"https:\/\/esunicus.ch\/#website\"},\"datePublished\":\"2024-08-14T19:01:53+00:00\",\"dateModified\":\"2024-11-25T16:34:11+00:00\",\"breadcrumb\":{\"@id\":\"https:\/\/esunicus.ch\/psychische-krankheit\/#breadcrumb\"},\"inLanguage\":\"fr-FR\",\"potentialAction\":[{\"@type\":\"ReadAction\",\"target\":[\"https:\/\/esunicus.ch\/psychische-krankheit\/\"]}]},{\"@type\":\"BreadcrumbList\",\"@id\":\"https:\/\/esunicus.ch\/psychische-krankheit\/#breadcrumb\",\"itemListElement\":[{\"@type\":\"ListItem\",\"position\":1,\"name\":\"Startseite\",\"item\":\"https:\/\/esunicus.ch\/\"},{\"@type\":\"ListItem\",\"position\":2,\"name\":\"Psychische Krankheit\"}]},{\"@type\":\"WebSite\",\"@id\":\"https:\/\/esunicus.ch\/#website\",\"url\":\"https:\/\/esunicus.ch\/\",\"name\":\"Sozialp\u00e4dagogische Familienbegleitung\",\"description\":\"Coaching \/ Beratung \/ Begleitung\",\"publisher\":{\"@id\":\"https:\/\/esunicus.ch\/#organization\"},\"potentialAction\":[{\"@type\":\"SearchAction\",\"target\":{\"@type\":\"EntryPoint\",\"urlTemplate\":\"https:\/\/esunicus.ch\/?s={search_term_string}\"},\"query-input\":{\"@type\":\"PropertyValueSpecification\",\"valueRequired\":true,\"valueName\":\"search_term_string\"}}],\"inLanguage\":\"fr-FR\"},{\"@type\":\"Organization\",\"@id\":\"https:\/\/esunicus.ch\/#organization\",\"name\":\"Esunicus\",\"url\":\"https:\/\/esunicus.ch\/\",\"logo\":{\"@type\":\"ImageObject\",\"inLanguage\":\"fr-FR\",\"@id\":\"https:\/\/esunicus.ch\/#\/schema\/logo\/image\/\",\"url\":\"https:\/\/esunicus.ch\/wp-content\/uploads\/2024\/08\/cropped-cropped-esunicus_logo.png\",\"contentUrl\":\"https:\/\/esunicus.ch\/wp-content\/uploads\/2024\/08\/cropped-cropped-esunicus_logo.png\",\"width\":3329,\"height\":678,\"caption\":\"Esunicus\"},\"image\":{\"@id\":\"https:\/\/esunicus.ch\/#\/schema\/logo\/image\/\"},\"sameAs\":[\"https:\/\/www.facebook.com\/esunicus\"]}]}<\/script>\n<!-- \/ Yoast SEO plugin. -->","yoast_head_json":{"title":"Psychische Krankheit - weil auch Du einzigartig bist","robots":{"index":"index","follow":"follow","max-snippet":"max-snippet:-1","max-image-preview":"max-image-preview:large","max-video-preview":"max-video-preview:-1"},"canonical":"https:\/\/esunicus.ch\/fr\/psychische-krankheit\/","og_locale":"fr_FR","og_type":"article","og_title":"Psychische Krankheit - weil auch Du einzigartig bist","og_description":"Psychische Krankheit Die Begleitung von psychisch kranken Kindern ist f\u00fcr Eltern eine grosse Herausforderung. Basierend auf meinem Fachwissen und meine eigene Erfahrungen, begleite ich Eltern durch diese turbulente Zeit, helfe Ihnen Ihre eigene Ressourcen einzusetzen und stehe ihnen mit konkreten Vorschl\u00e4ge zur Seite.","og_url":"https:\/\/esunicus.ch\/fr\/psychische-krankheit\/","og_site_name":"weil auch Du einzigartig bist","article_publisher":"https:\/\/www.facebook.com\/esunicus","article_modified_time":"2024-11-25T16:34:11+00:00","twitter_card":"summary_large_image","twitter_misc":{"Dur\u00e9e de lecture estim\u00e9e":"1 minute"},"schema":{"@context":"https:\/\/schema.org","@graph":[{"@type":"WebPage","@id":"https:\/\/esunicus.ch\/psychische-krankheit\/","url":"https:\/\/esunicus.ch\/psychische-krankheit\/","name":"Psychische Krankheit - weil auch Du einzigartig bist","isPartOf":{"@id":"https:\/\/esunicus.ch\/#website"},"datePublished":"2024-08-14T19:01:53+00:00","dateModified":"2024-11-25T16:34:11+00:00","breadcrumb":{"@id":"https:\/\/esunicus.ch\/psychische-krankheit\/#breadcrumb"},"inLanguage":"fr-FR","potentialAction":[{"@type":"ReadAction","target":["https:\/\/esunicus.ch\/psychische-krankheit\/"]}]},{"@type":"BreadcrumbList","@id":"https:\/\/esunicus.ch\/psychische-krankheit\/#breadcrumb","itemListElement":[{"@type":"ListItem","position":1,"name":"Startseite","item":"https:\/\/esunicus.ch\/"},{"@type":"ListItem","position":2,"name":"Psychische Krankheit"}]},{"@type":"WebSite","@id":"https:\/\/esunicus.ch\/#website","url":"https:\/\/esunicus.ch\/","name":"Sozialp\u00e4dagogische Familienbegleitung","description":"Coaching \/ Beratung \/ Begleitung","publisher":{"@id":"https:\/\/esunicus.ch\/#organization"},"potentialAction":[{"@type":"SearchAction","target":{"@type":"EntryPoint","urlTemplate":"https:\/\/esunicus.ch\/?s={search_term_string}"},"query-input":{"@type":"PropertyValueSpecification","valueRequired":true,"valueName":"search_term_string"}}],"inLanguage":"fr-FR"},{"@type":"Organization","@id":"https:\/\/esunicus.ch\/#organization","name":"Esunicus","url":"https:\/\/esunicus.ch\/","logo":{"@type":"ImageObject","inLanguage":"fr-FR","@id":"https:\/\/esunicus.ch\/#\/schema\/logo\/image\/","url":"https:\/\/esunicus.ch\/wp-content\/uploads\/2024\/08\/cropped-cropped-esunicus_logo.png","contentUrl":"https:\/\/esunicus.ch\/wp-content\/uploads\/2024\/08\/cropped-cropped-esunicus_logo.png","width":3329,"height":678,"caption":"Esunicus"},"image":{"@id":"https:\/\/esunicus.ch\/#\/schema\/logo\/image\/"},"sameAs":["https:\/\/www.facebook.com\/esunicus"]}]}},"uagb_featured_image_src":{"full":false,"thumbnail":false,"medium":false,"medium_large":false,"large":false,"1536x1536":false,"2048x2048":false,"trp-custom-language-flag":false},"uagb_author_info":{"display_name":"Tania","author_link":"https:\/\/esunicus.ch\/fr\/author\/tania\/"},"uagb_comment_info":0,"uagb_excerpt":"Psychische Krankheit Die Begleitung von psychisch kranken Kindern ist f\u00fcr Eltern eine grosse Herausforderung. Basierend auf meinem Fachwissen und meine eigene Erfahrungen, begleite ich Eltern durch diese turbulente Zeit, helfe Ihnen Ihre eigene Ressourcen einzusetzen und stehe ihnen mit konkreten Vorschl\u00e4ge zur Seite.","_links":{"self":[{"href":"https:\/\/esunicus.ch\/fr\/wp-json\/wp\/v2\/pages\/939","targetHints":{"allow":["GET"]}}],"collection":[{"href":"https:\/\/esunicus.ch\/fr\/wp-json\/wp\/v2\/pages"}],"about":[{"href":"https:\/\/esunicus.ch\/fr\/wp-json\/wp\/v2\/types\/page"}],"author":[{"embeddable":true,"href":"https:\/\/esunicus.ch\/fr\/wp-json\/wp\/v2\/users\/1"}],"replies":[{"embeddable":true,"href":"https:\/\/esunicus.ch\/fr\/wp-json\/wp\/v2\/comments?post=939"}],"version-history":[{"count":20,"href":"https:\/\/esunicus.ch\/fr\/wp-json\/wp\/v2\/pages\/939\/revisions"}],"predecessor-version":[{"id":2789,"href":"https:\/\/esunicus.ch\/fr\/wp-json\/wp\/v2\/pages\/939\/revisions\/2789"}],"wp:attachment":[{"href":"https:\/\/esunicus.ch\/fr\/wp-json\/wp\/v2\/media?parent=939"}],"curies":[{"name":"wp","href":"https:\/\/api.w.org\/{rel}","templated":true}]}}