{"id":935,"date":"2024-08-14T20:58:49","date_gmt":"2024-08-14T18:58:49","guid":{"rendered":"https:\/\/esunicus.ch\/?page_id=935"},"modified":"2024-10-27T16:01:05","modified_gmt":"2024-10-27T15:01:05","slug":"toxische-beziehungen","status":"publish","type":"page","link":"https:\/\/esunicus.ch\/fr\/toxische-beziehungen\/","title":{"rendered":"Relation Toxique"},"content":{"rendered":"<div data-colibri-id=\"935-c1\" class=\"style-576 style-local-935-c1 position-relative\">\n  <!---->\n  <div data-colibri-component=\"section\" data-colibri-id=\"935-c2\" id=\"about\" class=\"h-section h-section-global-spacing d-flex align-items-lg-center align-items-md-center align-items-center style-581 style-local-935-c2 position-relative\">\n    <!---->\n    <!---->\n    <div class=\"h-section-grid-container h-section-boxed-container\">\n      <!---->\n      <div data-colibri-id=\"935-c3\" class=\"h-row-container gutters-row-lg-2 gutters-row-md-2 gutters-row-0 gutters-row-v-lg-2 gutters-row-v-md-2 gutters-row-v-2 style-674 style-local-935-c3 position-relative\">\n        <!---->\n        <div class=\"h-row justify-content-lg-center justify-content-md-center justify-content-center align-items-lg-stretch align-items-md-stretch align-items-stretch gutters-col-lg-2 gutters-col-md-2 gutters-col-0 gutters-col-v-lg-2 gutters-col-v-md-2 gutters-col-v-2\">\n          <!---->\n          <div class=\"h-column h-column-container d-flex h-col-lg-auto h-col-md-auto h-col-auto style-676-outer style-local-935-c4-outer\">\n            <div data-colibri-id=\"935-c4\" class=\"d-flex h-flex-basis h-column__inner h-ui-empty-state-container h-px-lg-2 h-px-md-2 h-px-2 v-inner-lg-2 v-inner-md-2 v-inner-2 style-676 style-local-935-c4 position-relative\">\n              <!---->\n              <!---->\n              <div class=\"w-100 h-y-container h-column__content h-column__v-align flex-basis-100\">\n                <!---->\n              <\/div>\n            <\/div>\n          <\/div>\n        <\/div>\n      <\/div>\n      <div data-colibri-id=\"935-c5\" class=\"h-row-container gutters-row-lg-2 gutters-row-md-2 gutters-row-2 gutters-row-v-lg-2 gutters-row-v-md-2 gutters-row-v-2 style-582 style-local-935-c5 position-relative\">\n        <!---->\n        <div class=\"h-row justify-content-lg-center justify-content-md-center justify-content-center align-items-lg-stretch align-items-md-stretch align-items-stretch gutters-col-lg-2 gutters-col-md-2 gutters-col-2 gutters-col-v-lg-2 gutters-col-v-md-2 gutters-col-v-2\">\n          <!---->\n          <div data-aos=\"fadeInDown\" class=\"h-column h-column-container d-flex h-col-lg-auto h-col-md-auto h-col-auto style-583-outer style-local-935-c6-outer\">\n            <div data-colibri-id=\"935-c6\" class=\"d-flex h-flex-basis h-column__inner h-px-lg-2 h-px-md-2 h-px-2 v-inner-lg-2 v-inner-md-2 v-inner-2 style-583 style-local-935-c6 position-relative\">\n              <!---->\n              <!---->\n              <div class=\"w-100 h-y-container h-column__content h-column__v-align flex-basis-100 align-self-lg-center align-self-md-center align-self-center\">\n                <!---->\n                <div data-colibri-id=\"935-c7\" class=\"h-global-transition-all h-heading style-585 style-local-935-c7 position-relative h-element\">\n                  <!---->\n                  <div class=\"h-heading__outer style-585 style-local-935-c7\">\n                    <!---->\n                    <!---->\n                    <h2 class=\"\">\n                      <br>Relation Toxique<\/h2>\n                  <\/div>\n                <\/div>\n                <div data-colibri-id=\"935-c8\" data-aos=\"fadeInDown\" class=\"h-lead h-text h-text-component style-586 style-local-935-c8 position-relative h-element\">\n                  <!---->\n                  <!---->\n                  <div class=\"\">\n                    <p>As-tu r\u00e9ussi \u00e0 rompre avec ton partenaire toxique ? Alors tu as d\u00e9j\u00e0 fait le premier pas. Cependant, si tu dois d\u00e9sormais partager avec lui la garde de vos enfants, il te reste encore un grand d\u00e9fi \u00e0 relever.<\/p>\n                    <p>Je travaille avec toi et je te montre comment tu peux obtenir le meilleur pour tes enfants malgr\u00e9 la situation difficile. Je travaille aussi avec l'autre parent, s'il le permet.<\/p>\n                  <\/div>\n                <\/div>\n              <\/div>\n            <\/div>\n          <\/div>\n          <div class=\"h-column h-column-container d-flex h-col-lg-auto h-col-md-auto h-col-auto style-589-outer style-local-935-c9-outer\">\n            <div data-colibri-id=\"935-c9\" class=\"d-flex h-flex-basis h-column__inner h-px-lg-2 h-px-md-2 h-px-2 v-inner-lg-2 v-inner-md-2 v-inner-2 style-589 style-local-935-c9 position-relative\">\n              <!---->\n              <!---->\n              <div class=\"w-100 h-y-container h-column__content h-column__v-align flex-basis-100 align-self-lg-center align-self-md-center align-self-center\">\n                <!---->\n                <div data-colibri-id=\"935-c10\" class=\"d-block style-590 style-local-935-c10 position-relative h-element\">\n                  <!---->\n                  <div class=\"h-image__frame-container-outer\">\n                    <div class=\"h-image__frame-container\">\n                      <!---->\n                      <!---->\n                      <img loading=\"lazy\" decoding=\"async\" width=\"563\" height=\"445\" src=\"http:\/\/esunicus.ch\/wp-content\/uploads\/2024\/08\/cropped-les_wagues.jpg\" class=\"wp-image-1084 style-590-image style-local-935-c10-image\" alt=\"\" srcset=\"https:\/\/esunicus.ch\/wp-content\/uploads\/2024\/08\/cropped-les_wagues.jpg 563w, https:\/\/esunicus.ch\/wp-content\/uploads\/2024\/08\/cropped-les_wagues-300x237.jpg 300w\" sizes=\"auto, (max-width: 563px) 100vw, 563px\" \/>\n                      <div class=\"h-image__frame h-hide-sm style-590-frameImage style-local-935-c10-frameImage\"><\/div>\n                    <\/div>\n                  <\/div>\n                <\/div>\n              <\/div>\n            <\/div>\n          <\/div>\n        <\/div>\n      <\/div>\n    <\/div>\n  <\/div>\n<\/div>","protected":false},"excerpt":{"rendered":"<p>Toxische Beziehungen Hast Du es geschafft, Dich von Deinem toxischen Partner zu trennen? Dann hast Du schon grosses geleistet. Wenn Du jetzt jedoch noch die Betreuung der gemeinsamen Kinder mit ihm teilen musst, dann steht noch eine grosse Herausforderung vor Dir. Ich kann Dich dabei unterst\u00fctzen. Ich arbeite sowohl mit Dir und zeige Dir, wie [&hellip;]<\/p>","protected":false},"author":1,"featured_media":0,"parent":0,"menu_order":0,"comment_status":"closed","ping_status":"closed","template":"page-templates\/full-width-page.php","meta":{"_uag_custom_page_level_css":"","footnotes":""},"class_list":["post-935","page","type-page","status-publish","hentry"],"yoast_head":"<!-- This site is optimized with the Yoast SEO plugin v25.1 - https:\/\/yoast.com\/wordpress\/plugins\/seo\/ -->\n<title>Toxische Beziehungen - weil auch Du einzigartig bist<\/title>\n<meta name=\"robots\" content=\"index, follow, max-snippet:-1, max-image-preview:large, max-video-preview:-1\" \/>\n<link rel=\"canonical\" href=\"https:\/\/esunicus.ch\/fr\/toxische-beziehungen\/\" \/>\n<meta property=\"og:locale\" content=\"fr_FR\" \/>\n<meta property=\"og:type\" content=\"article\" \/>\n<meta property=\"og:title\" content=\"Toxische Beziehungen - weil auch Du einzigartig bist\" \/>\n<meta property=\"og:description\" content=\"Toxische Beziehungen Hast Du es geschafft, Dich von Deinem toxischen Partner zu trennen? Dann hast Du schon grosses geleistet. Wenn Du jetzt jedoch noch die Betreuung der gemeinsamen Kinder mit ihm teilen musst, dann steht noch eine grosse Herausforderung vor Dir. Ich kann Dich dabei unterst\u00fctzen. Ich arbeite sowohl mit Dir und zeige Dir, wie [&hellip;]\" \/>\n<meta property=\"og:url\" content=\"https:\/\/esunicus.ch\/fr\/toxische-beziehungen\/\" \/>\n<meta property=\"og:site_name\" content=\"weil auch Du einzigartig bist\" \/>\n<meta property=\"article:publisher\" content=\"https:\/\/www.facebook.com\/esunicus\" \/>\n<meta property=\"article:modified_time\" content=\"2024-10-27T15:01:05+00:00\" \/>\n<meta property=\"og:image\" content=\"https:\/\/esunicus.ch\/wp-content\/uploads\/2024\/08\/cropped-les_wagues.jpg\" \/>\n\t<meta property=\"og:image:width\" content=\"563\" \/>\n\t<meta property=\"og:image:height\" content=\"445\" \/>\n\t<meta property=\"og:image:type\" content=\"image\/jpeg\" \/>\n<meta name=\"twitter:card\" content=\"summary_large_image\" \/>\n<meta name=\"twitter:label1\" content=\"Dur\u00e9e de lecture estim\u00e9e\" \/>\n\t<meta name=\"twitter:data1\" content=\"1 minute\" \/>\n<script type=\"application\/ld+json\" class=\"yoast-schema-graph\">{\"@context\":\"https:\/\/schema.org\",\"@graph\":[{\"@type\":\"WebPage\",\"@id\":\"https:\/\/esunicus.ch\/toxische-beziehungen\/\",\"url\":\"https:\/\/esunicus.ch\/toxische-beziehungen\/\",\"name\":\"Toxische Beziehungen - weil auch Du einzigartig bist\",\"isPartOf\":{\"@id\":\"https:\/\/esunicus.ch\/#website\"},\"primaryImageOfPage\":{\"@id\":\"https:\/\/esunicus.ch\/toxische-beziehungen\/#primaryimage\"},\"image\":{\"@id\":\"https:\/\/esunicus.ch\/toxische-beziehungen\/#primaryimage\"},\"thumbnailUrl\":\"http:\/\/esunicus.ch\/wp-content\/uploads\/2024\/08\/cropped-les_wagues.jpg\",\"datePublished\":\"2024-08-14T18:58:49+00:00\",\"dateModified\":\"2024-10-27T15:01:05+00:00\",\"breadcrumb\":{\"@id\":\"https:\/\/esunicus.ch\/toxische-beziehungen\/#breadcrumb\"},\"inLanguage\":\"fr-FR\",\"potentialAction\":[{\"@type\":\"ReadAction\",\"target\":[\"https:\/\/esunicus.ch\/toxische-beziehungen\/\"]}]},{\"@type\":\"ImageObject\",\"inLanguage\":\"fr-FR\",\"@id\":\"https:\/\/esunicus.ch\/toxische-beziehungen\/#primaryimage\",\"url\":\"http:\/\/esunicus.ch\/wp-content\/uploads\/2024\/08\/cropped-les_wagues.jpg\",\"contentUrl\":\"http:\/\/esunicus.ch\/wp-content\/uploads\/2024\/08\/cropped-les_wagues.jpg\"},{\"@type\":\"BreadcrumbList\",\"@id\":\"https:\/\/esunicus.ch\/toxische-beziehungen\/#breadcrumb\",\"itemListElement\":[{\"@type\":\"ListItem\",\"position\":1,\"name\":\"Startseite\",\"item\":\"https:\/\/esunicus.ch\/\"},{\"@type\":\"ListItem\",\"position\":2,\"name\":\"Toxische Beziehungen\"}]},{\"@type\":\"WebSite\",\"@id\":\"https:\/\/esunicus.ch\/#website\",\"url\":\"https:\/\/esunicus.ch\/\",\"name\":\"Sozialp\u00e4dagogische Familienbegleitung\",\"description\":\"Coaching \/ Beratung \/ Begleitung\",\"publisher\":{\"@id\":\"https:\/\/esunicus.ch\/#organization\"},\"potentialAction\":[{\"@type\":\"SearchAction\",\"target\":{\"@type\":\"EntryPoint\",\"urlTemplate\":\"https:\/\/esunicus.ch\/?s={search_term_string}\"},\"query-input\":{\"@type\":\"PropertyValueSpecification\",\"valueRequired\":true,\"valueName\":\"search_term_string\"}}],\"inLanguage\":\"fr-FR\"},{\"@type\":\"Organization\",\"@id\":\"https:\/\/esunicus.ch\/#organization\",\"name\":\"Esunicus\",\"url\":\"https:\/\/esunicus.ch\/\",\"logo\":{\"@type\":\"ImageObject\",\"inLanguage\":\"fr-FR\",\"@id\":\"https:\/\/esunicus.ch\/#\/schema\/logo\/image\/\",\"url\":\"https:\/\/esunicus.ch\/wp-content\/uploads\/2024\/08\/cropped-cropped-esunicus_logo.png\",\"contentUrl\":\"https:\/\/esunicus.ch\/wp-content\/uploads\/2024\/08\/cropped-cropped-esunicus_logo.png\",\"width\":3329,\"height\":678,\"caption\":\"Esunicus\"},\"image\":{\"@id\":\"https:\/\/esunicus.ch\/#\/schema\/logo\/image\/\"},\"sameAs\":[\"https:\/\/www.facebook.com\/esunicus\"]}]}<\/script>\n<!-- \/ Yoast SEO plugin. -->","yoast_head_json":{"title":"Toxische Beziehungen - weil auch Du einzigartig bist","robots":{"index":"index","follow":"follow","max-snippet":"max-snippet:-1","max-image-preview":"max-image-preview:large","max-video-preview":"max-video-preview:-1"},"canonical":"https:\/\/esunicus.ch\/fr\/toxische-beziehungen\/","og_locale":"fr_FR","og_type":"article","og_title":"Toxische Beziehungen - weil auch Du einzigartig bist","og_description":"Toxische Beziehungen Hast Du es geschafft, Dich von Deinem toxischen Partner zu trennen? Dann hast Du schon grosses geleistet. Wenn Du jetzt jedoch noch die Betreuung der gemeinsamen Kinder mit ihm teilen musst, dann steht noch eine grosse Herausforderung vor Dir. Ich kann Dich dabei unterst\u00fctzen. Ich arbeite sowohl mit Dir und zeige Dir, wie [&hellip;]","og_url":"https:\/\/esunicus.ch\/fr\/toxische-beziehungen\/","og_site_name":"weil auch Du einzigartig bist","article_publisher":"https:\/\/www.facebook.com\/esunicus","article_modified_time":"2024-10-27T15:01:05+00:00","og_image":[{"width":563,"height":445,"url":"https:\/\/esunicus.ch\/wp-content\/uploads\/2024\/08\/cropped-les_wagues.jpg","type":"image\/jpeg"}],"twitter_card":"summary_large_image","twitter_misc":{"Dur\u00e9e de lecture estim\u00e9e":"1 minute"},"schema":{"@context":"https:\/\/schema.org","@graph":[{"@type":"WebPage","@id":"https:\/\/esunicus.ch\/toxische-beziehungen\/","url":"https:\/\/esunicus.ch\/toxische-beziehungen\/","name":"Toxische Beziehungen - weil auch Du einzigartig bist","isPartOf":{"@id":"https:\/\/esunicus.ch\/#website"},"primaryImageOfPage":{"@id":"https:\/\/esunicus.ch\/toxische-beziehungen\/#primaryimage"},"image":{"@id":"https:\/\/esunicus.ch\/toxische-beziehungen\/#primaryimage"},"thumbnailUrl":"http:\/\/esunicus.ch\/wp-content\/uploads\/2024\/08\/cropped-les_wagues.jpg","datePublished":"2024-08-14T18:58:49+00:00","dateModified":"2024-10-27T15:01:05+00:00","breadcrumb":{"@id":"https:\/\/esunicus.ch\/toxische-beziehungen\/#breadcrumb"},"inLanguage":"fr-FR","potentialAction":[{"@type":"ReadAction","target":["https:\/\/esunicus.ch\/toxische-beziehungen\/"]}]},{"@type":"ImageObject","inLanguage":"fr-FR","@id":"https:\/\/esunicus.ch\/toxische-beziehungen\/#primaryimage","url":"http:\/\/esunicus.ch\/wp-content\/uploads\/2024\/08\/cropped-les_wagues.jpg","contentUrl":"http:\/\/esunicus.ch\/wp-content\/uploads\/2024\/08\/cropped-les_wagues.jpg"},{"@type":"BreadcrumbList","@id":"https:\/\/esunicus.ch\/toxische-beziehungen\/#breadcrumb","itemListElement":[{"@type":"ListItem","position":1,"name":"Startseite","item":"https:\/\/esunicus.ch\/"},{"@type":"ListItem","position":2,"name":"Toxische Beziehungen"}]},{"@type":"WebSite","@id":"https:\/\/esunicus.ch\/#website","url":"https:\/\/esunicus.ch\/","name":"Sozialp\u00e4dagogische Familienbegleitung","description":"Coaching \/ Beratung \/ Begleitung","publisher":{"@id":"https:\/\/esunicus.ch\/#organization"},"potentialAction":[{"@type":"SearchAction","target":{"@type":"EntryPoint","urlTemplate":"https:\/\/esunicus.ch\/?s={search_term_string}"},"query-input":{"@type":"PropertyValueSpecification","valueRequired":true,"valueName":"search_term_string"}}],"inLanguage":"fr-FR"},{"@type":"Organization","@id":"https:\/\/esunicus.ch\/#organization","name":"Esunicus","url":"https:\/\/esunicus.ch\/","logo":{"@type":"ImageObject","inLanguage":"fr-FR","@id":"https:\/\/esunicus.ch\/#\/schema\/logo\/image\/","url":"https:\/\/esunicus.ch\/wp-content\/uploads\/2024\/08\/cropped-cropped-esunicus_logo.png","contentUrl":"https:\/\/esunicus.ch\/wp-content\/uploads\/2024\/08\/cropped-cropped-esunicus_logo.png","width":3329,"height":678,"caption":"Esunicus"},"image":{"@id":"https:\/\/esunicus.ch\/#\/schema\/logo\/image\/"},"sameAs":["https:\/\/www.facebook.com\/esunicus"]}]}},"uagb_featured_image_src":{"full":false,"thumbnail":false,"medium":false,"medium_large":false,"large":false,"1536x1536":false,"2048x2048":false,"trp-custom-language-flag":false},"uagb_author_info":{"display_name":"Tania","author_link":"https:\/\/esunicus.ch\/fr\/author\/tania\/"},"uagb_comment_info":0,"uagb_excerpt":"Toxische Beziehungen Hast Du es geschafft, Dich von Deinem toxischen Partner zu trennen? Dann hast Du schon grosses geleistet. Wenn Du jetzt jedoch noch die Betreuung der gemeinsamen Kinder mit ihm teilen musst, dann steht noch eine grosse Herausforderung vor Dir. Ich kann Dich dabei unterst\u00fctzen. Ich arbeite sowohl mit Dir und zeige Dir, wie\u2026","_links":{"self":[{"href":"https:\/\/esunicus.ch\/fr\/wp-json\/wp\/v2\/pages\/935","targetHints":{"allow":["GET"]}}],"collection":[{"href":"https:\/\/esunicus.ch\/fr\/wp-json\/wp\/v2\/pages"}],"about":[{"href":"https:\/\/esunicus.ch\/fr\/wp-json\/wp\/v2\/types\/page"}],"author":[{"embeddable":true,"href":"https:\/\/esunicus.ch\/fr\/wp-json\/wp\/v2\/users\/1"}],"replies":[{"embeddable":true,"href":"https:\/\/esunicus.ch\/fr\/wp-json\/wp\/v2\/comments?post=935"}],"version-history":[{"count":16,"href":"https:\/\/esunicus.ch\/fr\/wp-json\/wp\/v2\/pages\/935\/revisions"}],"predecessor-version":[{"id":2775,"href":"https:\/\/esunicus.ch\/fr\/wp-json\/wp\/v2\/pages\/935\/revisions\/2775"}],"wp:attachment":[{"href":"https:\/\/esunicus.ch\/fr\/wp-json\/wp\/v2\/media?parent=935"}],"curies":[{"name":"wp","href":"https:\/\/api.w.org\/{rel}","templated":true}]}}