{"id":2687,"date":"2024-09-28T10:22:55","date_gmt":"2024-09-28T08:22:55","guid":{"rendered":"https:\/\/esunicus.ch\/?page_id=2687"},"modified":"2024-10-27T15:49:54","modified_gmt":"2024-10-27T14:49:54","slug":"jugendliche-und-junge-erwachsene","status":"publish","type":"page","link":"https:\/\/esunicus.ch\/fr\/jugendliche-und-junge-erwachsene\/","title":{"rendered":"Adolescents et jeunes adultes"},"content":{"rendered":"<div data-colibri-id=\"2687-c1\" class=\"style-853 style-local-2687-c1 position-relative\">\n  <!---->\n  <div data-colibri-component=\"section\" data-colibri-id=\"2687-c6\" id=\"about\" class=\"h-section h-section-global-spacing d-flex align-items-lg-center align-items-md-center align-items-center style-858 style-local-2687-c6 position-relative\">\n    <!---->\n    <!---->\n    <div class=\"h-section-grid-container h-section-boxed-container\">\n      <!---->\n      <div data-colibri-id=\"2687-c7\" class=\"h-row-container gutters-row-lg-2 gutters-row-md-2 gutters-row-0 gutters-row-v-lg-2 gutters-row-v-md-2 gutters-row-v-2 style-859 style-local-2687-c7 position-relative\">\n        <!---->\n        <div class=\"h-row justify-content-lg-center justify-content-md-center justify-content-center align-items-lg-stretch align-items-md-stretch align-items-stretch gutters-col-lg-2 gutters-col-md-2 gutters-col-0 gutters-col-v-lg-2 gutters-col-v-md-2 gutters-col-v-2\">\n          <!---->\n          <div data-aos=\"fadeInLeft\" class=\"h-column h-column-container d-flex h-col-lg-auto h-col-md-auto h-col-auto style-860-outer style-local-2687-c8-outer\">\n            <div data-colibri-id=\"2687-c8\" class=\"d-flex h-flex-basis h-column__inner h-px-lg-2 h-px-md-2 h-px-2 v-inner-lg-2 v-inner-md-2 v-inner-2 style-860 style-local-2687-c8 position-relative\">\n              <!---->\n              <!---->\n              <div class=\"w-100 h-y-container h-column__content h-column__v-align flex-basis-100 align-self-lg-center align-self-md-center align-self-center\">\n                <!---->\n                <div data-colibri-id=\"2687-c9\" class=\"h-global-transition-all h-heading style-861 style-local-2687-c9 position-relative h-element\">\n                  <!---->\n                  <div class=\"h-heading__outer style-861 style-local-2687-c9\">\n                    <!---->\n                    <!---->\n                    <h2 class=\"\">\n                      <br>Adolescents et jeunes adultes<\/h2>\n                  <\/div>\n                <\/div>\n                <div data-colibri-id=\"2687-c10\" class=\"h-text h-text-component style-863 style-local-2687-c10 position-relative h-element\">\n                  <!---->\n                  <!---->\n                  <div class=\"\">\n                    <p>Les jeunes ont actuellement beaucoup de mal \u00e0 trouver leur place dans la soci\u00e9t\u00e9. Si votre enfant ne peut soudainement plus faire face \u00e0 l'\u00e9cole ou \u00e0 la formation ou si des signes tels que des maux de t\u00eate ou des maux de ventre accrus deviennent de plus en plus visibles, il vaut la peine de les prendre au s\u00e9rieux et d'aller au fond du probl\u00e8me. On suppose souvent que les jeunes sont tout simplement trop paresseux ou ne veulent pas le faire, mais mon exp\u00e9rience m'a montr\u00e9 que ces hypoth\u00e8ses sont g\u00e9n\u00e9ralement fausses et qu'il y a presque toujours une autre raison.<\/p>\n                  <\/div>\n                <\/div>\n              <\/div>\n            <\/div>\n          <\/div>\n          <div class=\"h-column h-column-container d-flex h-col-lg-auto h-col-md-auto h-col-auto style-866-outer style-local-2687-c11-outer\">\n            <div data-colibri-id=\"2687-c11\" class=\"d-flex h-flex-basis h-column__inner h-px-lg-2 h-px-md-2 h-px-2 v-inner-lg-2 v-inner-md-2 v-inner-2 style-866 style-local-2687-c11 position-relative\">\n              <!---->\n              <!---->\n              <div class=\"w-100 h-y-container h-column__content h-column__v-align flex-basis-100 align-self-lg-start align-self-md-start align-self-start\">\n                <!---->\n                <div data-colibri-id=\"2687-c12\" class=\"h-multiple-image style-867 style-local-2687-c12 position-relative h-element\">\n                  <!---->\n                  <div class=\"position-relative\">\n                    <div class=\"h-multiple-image-inside-container\">\n                      <div class=\"ratio-inner\">\n                        <div data-colibri-id=\"2687-c13\" class=\"d-block style-868 style-local-2687-c13 position-relative h-element\">\n                          <!---->\n                          <div class=\"h-image__frame-container-outer\">\n                            <div class=\"h-image__frame-container\">\n                              <!---->\n                              <!---->\n                              <img decoding=\"async\" src=\"http:\/\/esunicus.ch\/wp-content\/uploads\/2024\/10\/colibri-image-378.png\" class=\"style-867-images style-local-2687-c12-images wp-image- style-868-image style-local-2687-c13-image\">\n                              <div class=\"h-image__frame h-hide-lg h-hide-md h-hide-sm style-868-frameImage style-local-2687-c13-frameImage\"><\/div>\n                            <\/div>\n                          <\/div>\n                        <\/div>\n                        <div data-colibri-id=\"2687-c14\" class=\"d-block style-869 style-local-2687-c14 position-relative h-element\">\n                          <!---->\n                          <div class=\"h-image__frame-container-outer\">\n                            <div class=\"h-image__frame-container\">\n                              <!---->\n                              <!---->\n                              <img decoding=\"async\" src=\"http:\/\/esunicus.ch\/wp-content\/uploads\/2024\/10\/colibri-image-379.png\" class=\"style-867-images style-local-2687-c12-images wp-image- style-869-image style-local-2687-c14-image\">\n                              <div class=\"h-image__frame h-hide-lg h-hide-md h-hide-sm style-869-frameImage style-local-2687-c14-frameImage\"><\/div>\n                            <\/div>\n                          <\/div>\n                        <\/div>\n                        <div data-colibri-id=\"2687-c15\" class=\"d-block style-870 style-local-2687-c15 position-relative h-element\">\n                          <!---->\n                          <div class=\"h-image__frame-container-outer\">\n                            <div class=\"h-image__frame-container\">\n                              <!---->\n                              <!---->\n                              <img decoding=\"async\" src=\"http:\/\/esunicus.ch\/wp-content\/uploads\/2024\/10\/colibri-image-380.png\" class=\"style-867-images style-local-2687-c12-images wp-image- style-870-image style-local-2687-c15-image\">\n                              <div class=\"h-image__frame h-hide-lg h-hide-md h-hide-sm style-870-frameImage style-local-2687-c15-frameImage\"><\/div>\n                            <\/div>\n                          <\/div>\n                        <\/div>\n                      <\/div>\n                    <\/div>\n                  <\/div>\n                <\/div>\n              <\/div>\n            <\/div>\n          <\/div>\n        <\/div>\n      <\/div>\n    <\/div>\n  <\/div>\n<\/div>","protected":false},"excerpt":{"rendered":"<p>Jugendliche und junge Erwachsene Jugendliche haben es zurzeit besonders schwer ihren Platz in der Gesellschaft zu finden. Wenn Dein Kind pl\u00f6tzlich mit der Schule oder der Ausbildung nicht mehr zurechtkommt oder sich Anzeichen wie Kopf- oder Bauchschmerzen vermehrt bemerkbar machen, lohnt es sich diese ernst zu nehmen und der Problematik auf den Grund zu gehen. [&hellip;]<\/p>","protected":false},"author":1,"featured_media":0,"parent":0,"menu_order":0,"comment_status":"closed","ping_status":"closed","template":"page-templates\/full-width-page.php","meta":{"_uag_custom_page_level_css":"","footnotes":""},"class_list":["post-2687","page","type-page","status-publish","hentry"],"yoast_head":"<!-- This site is optimized with the Yoast SEO plugin v25.1 - https:\/\/yoast.com\/wordpress\/plugins\/seo\/ -->\n<title>Jugendliche und junge Erwachsene - weil auch Du einzigartig bist<\/title>\n<meta name=\"robots\" content=\"index, follow, max-snippet:-1, max-image-preview:large, max-video-preview:-1\" \/>\n<link rel=\"canonical\" href=\"https:\/\/esunicus.ch\/fr\/jugendliche-und-junge-erwachsene\/\" \/>\n<meta property=\"og:locale\" content=\"fr_FR\" \/>\n<meta property=\"og:type\" content=\"article\" \/>\n<meta property=\"og:title\" content=\"Jugendliche und junge Erwachsene - weil auch Du einzigartig bist\" \/>\n<meta property=\"og:description\" content=\"Jugendliche und junge Erwachsene Jugendliche haben es zurzeit besonders schwer ihren Platz in der Gesellschaft zu finden. Wenn Dein Kind pl\u00f6tzlich mit der Schule oder der Ausbildung nicht mehr zurechtkommt oder sich Anzeichen wie Kopf- oder Bauchschmerzen vermehrt bemerkbar machen, lohnt es sich diese ernst zu nehmen und der Problematik auf den Grund zu gehen. [&hellip;]\" \/>\n<meta property=\"og:url\" content=\"https:\/\/esunicus.ch\/fr\/jugendliche-und-junge-erwachsene\/\" \/>\n<meta property=\"og:site_name\" content=\"weil auch Du einzigartig bist\" \/>\n<meta property=\"article:publisher\" content=\"https:\/\/www.facebook.com\/esunicus\" \/>\n<meta property=\"article:modified_time\" content=\"2024-10-27T14:49:54+00:00\" \/>\n<meta property=\"og:image\" content=\"http:\/\/esunicus.ch\/wp-content\/uploads\/2024\/10\/colibri-image-378.png\" \/>\n<meta name=\"twitter:card\" content=\"summary_large_image\" \/>\n<meta name=\"twitter:label1\" content=\"Dur\u00e9e de lecture estim\u00e9e\" \/>\n\t<meta name=\"twitter:data1\" content=\"2 minutes\" \/>\n<script type=\"application\/ld+json\" class=\"yoast-schema-graph\">{\"@context\":\"https:\/\/schema.org\",\"@graph\":[{\"@type\":\"WebPage\",\"@id\":\"https:\/\/esunicus.ch\/jugendliche-und-junge-erwachsene\/\",\"url\":\"https:\/\/esunicus.ch\/jugendliche-und-junge-erwachsene\/\",\"name\":\"Jugendliche und junge Erwachsene - weil auch Du einzigartig bist\",\"isPartOf\":{\"@id\":\"https:\/\/esunicus.ch\/#website\"},\"primaryImageOfPage\":{\"@id\":\"https:\/\/esunicus.ch\/jugendliche-und-junge-erwachsene\/#primaryimage\"},\"image\":{\"@id\":\"https:\/\/esunicus.ch\/jugendliche-und-junge-erwachsene\/#primaryimage\"},\"thumbnailUrl\":\"http:\/\/esunicus.ch\/wp-content\/uploads\/2024\/10\/colibri-image-378.png\",\"datePublished\":\"2024-09-28T08:22:55+00:00\",\"dateModified\":\"2024-10-27T14:49:54+00:00\",\"breadcrumb\":{\"@id\":\"https:\/\/esunicus.ch\/jugendliche-und-junge-erwachsene\/#breadcrumb\"},\"inLanguage\":\"fr-FR\",\"potentialAction\":[{\"@type\":\"ReadAction\",\"target\":[\"https:\/\/esunicus.ch\/jugendliche-und-junge-erwachsene\/\"]}]},{\"@type\":\"ImageObject\",\"inLanguage\":\"fr-FR\",\"@id\":\"https:\/\/esunicus.ch\/jugendliche-und-junge-erwachsene\/#primaryimage\",\"url\":\"http:\/\/esunicus.ch\/wp-content\/uploads\/2024\/10\/colibri-image-378.png\",\"contentUrl\":\"http:\/\/esunicus.ch\/wp-content\/uploads\/2024\/10\/colibri-image-378.png\"},{\"@type\":\"BreadcrumbList\",\"@id\":\"https:\/\/esunicus.ch\/jugendliche-und-junge-erwachsene\/#breadcrumb\",\"itemListElement\":[{\"@type\":\"ListItem\",\"position\":1,\"name\":\"Startseite\",\"item\":\"https:\/\/esunicus.ch\/\"},{\"@type\":\"ListItem\",\"position\":2,\"name\":\"Jugendliche und junge Erwachsene\"}]},{\"@type\":\"WebSite\",\"@id\":\"https:\/\/esunicus.ch\/#website\",\"url\":\"https:\/\/esunicus.ch\/\",\"name\":\"Sozialp\u00e4dagogische Familienbegleitung\",\"description\":\"Coaching \/ Beratung \/ Begleitung\",\"publisher\":{\"@id\":\"https:\/\/esunicus.ch\/#organization\"},\"potentialAction\":[{\"@type\":\"SearchAction\",\"target\":{\"@type\":\"EntryPoint\",\"urlTemplate\":\"https:\/\/esunicus.ch\/?s={search_term_string}\"},\"query-input\":{\"@type\":\"PropertyValueSpecification\",\"valueRequired\":true,\"valueName\":\"search_term_string\"}}],\"inLanguage\":\"fr-FR\"},{\"@type\":\"Organization\",\"@id\":\"https:\/\/esunicus.ch\/#organization\",\"name\":\"Esunicus\",\"url\":\"https:\/\/esunicus.ch\/\",\"logo\":{\"@type\":\"ImageObject\",\"inLanguage\":\"fr-FR\",\"@id\":\"https:\/\/esunicus.ch\/#\/schema\/logo\/image\/\",\"url\":\"https:\/\/esunicus.ch\/wp-content\/uploads\/2024\/08\/cropped-cropped-esunicus_logo.png\",\"contentUrl\":\"https:\/\/esunicus.ch\/wp-content\/uploads\/2024\/08\/cropped-cropped-esunicus_logo.png\",\"width\":3329,\"height\":678,\"caption\":\"Esunicus\"},\"image\":{\"@id\":\"https:\/\/esunicus.ch\/#\/schema\/logo\/image\/\"},\"sameAs\":[\"https:\/\/www.facebook.com\/esunicus\"]}]}<\/script>\n<!-- \/ Yoast SEO plugin. -->","yoast_head_json":{"title":"Jugendliche und junge Erwachsene - weil auch Du einzigartig bist","robots":{"index":"index","follow":"follow","max-snippet":"max-snippet:-1","max-image-preview":"max-image-preview:large","max-video-preview":"max-video-preview:-1"},"canonical":"https:\/\/esunicus.ch\/fr\/jugendliche-und-junge-erwachsene\/","og_locale":"fr_FR","og_type":"article","og_title":"Jugendliche und junge Erwachsene - weil auch Du einzigartig bist","og_description":"Jugendliche und junge Erwachsene Jugendliche haben es zurzeit besonders schwer ihren Platz in der Gesellschaft zu finden. Wenn Dein Kind pl\u00f6tzlich mit der Schule oder der Ausbildung nicht mehr zurechtkommt oder sich Anzeichen wie Kopf- oder Bauchschmerzen vermehrt bemerkbar machen, lohnt es sich diese ernst zu nehmen und der Problematik auf den Grund zu gehen. [&hellip;]","og_url":"https:\/\/esunicus.ch\/fr\/jugendliche-und-junge-erwachsene\/","og_site_name":"weil auch Du einzigartig bist","article_publisher":"https:\/\/www.facebook.com\/esunicus","article_modified_time":"2024-10-27T14:49:54+00:00","og_image":[{"url":"http:\/\/esunicus.ch\/wp-content\/uploads\/2024\/10\/colibri-image-378.png","type":"","width":"","height":""}],"twitter_card":"summary_large_image","twitter_misc":{"Dur\u00e9e de lecture estim\u00e9e":"2 minutes"},"schema":{"@context":"https:\/\/schema.org","@graph":[{"@type":"WebPage","@id":"https:\/\/esunicus.ch\/jugendliche-und-junge-erwachsene\/","url":"https:\/\/esunicus.ch\/jugendliche-und-junge-erwachsene\/","name":"Jugendliche und junge Erwachsene - weil auch Du einzigartig bist","isPartOf":{"@id":"https:\/\/esunicus.ch\/#website"},"primaryImageOfPage":{"@id":"https:\/\/esunicus.ch\/jugendliche-und-junge-erwachsene\/#primaryimage"},"image":{"@id":"https:\/\/esunicus.ch\/jugendliche-und-junge-erwachsene\/#primaryimage"},"thumbnailUrl":"http:\/\/esunicus.ch\/wp-content\/uploads\/2024\/10\/colibri-image-378.png","datePublished":"2024-09-28T08:22:55+00:00","dateModified":"2024-10-27T14:49:54+00:00","breadcrumb":{"@id":"https:\/\/esunicus.ch\/jugendliche-und-junge-erwachsene\/#breadcrumb"},"inLanguage":"fr-FR","potentialAction":[{"@type":"ReadAction","target":["https:\/\/esunicus.ch\/jugendliche-und-junge-erwachsene\/"]}]},{"@type":"ImageObject","inLanguage":"fr-FR","@id":"https:\/\/esunicus.ch\/jugendliche-und-junge-erwachsene\/#primaryimage","url":"http:\/\/esunicus.ch\/wp-content\/uploads\/2024\/10\/colibri-image-378.png","contentUrl":"http:\/\/esunicus.ch\/wp-content\/uploads\/2024\/10\/colibri-image-378.png"},{"@type":"BreadcrumbList","@id":"https:\/\/esunicus.ch\/jugendliche-und-junge-erwachsene\/#breadcrumb","itemListElement":[{"@type":"ListItem","position":1,"name":"Startseite","item":"https:\/\/esunicus.ch\/"},{"@type":"ListItem","position":2,"name":"Jugendliche und junge Erwachsene"}]},{"@type":"WebSite","@id":"https:\/\/esunicus.ch\/#website","url":"https:\/\/esunicus.ch\/","name":"Sozialp\u00e4dagogische Familienbegleitung","description":"Coaching \/ Beratung \/ Begleitung","publisher":{"@id":"https:\/\/esunicus.ch\/#organization"},"potentialAction":[{"@type":"SearchAction","target":{"@type":"EntryPoint","urlTemplate":"https:\/\/esunicus.ch\/?s={search_term_string}"},"query-input":{"@type":"PropertyValueSpecification","valueRequired":true,"valueName":"search_term_string"}}],"inLanguage":"fr-FR"},{"@type":"Organization","@id":"https:\/\/esunicus.ch\/#organization","name":"Esunicus","url":"https:\/\/esunicus.ch\/","logo":{"@type":"ImageObject","inLanguage":"fr-FR","@id":"https:\/\/esunicus.ch\/#\/schema\/logo\/image\/","url":"https:\/\/esunicus.ch\/wp-content\/uploads\/2024\/08\/cropped-cropped-esunicus_logo.png","contentUrl":"https:\/\/esunicus.ch\/wp-content\/uploads\/2024\/08\/cropped-cropped-esunicus_logo.png","width":3329,"height":678,"caption":"Esunicus"},"image":{"@id":"https:\/\/esunicus.ch\/#\/schema\/logo\/image\/"},"sameAs":["https:\/\/www.facebook.com\/esunicus"]}]}},"uagb_featured_image_src":{"full":false,"thumbnail":false,"medium":false,"medium_large":false,"large":false,"1536x1536":false,"2048x2048":false,"trp-custom-language-flag":false},"uagb_author_info":{"display_name":"Tania","author_link":"https:\/\/esunicus.ch\/fr\/author\/tania\/"},"uagb_comment_info":0,"uagb_excerpt":"Jugendliche und junge Erwachsene Jugendliche haben es zurzeit besonders schwer ihren Platz in der Gesellschaft zu finden. Wenn Dein Kind pl\u00f6tzlich mit der Schule oder der Ausbildung nicht mehr zurechtkommt oder sich Anzeichen wie Kopf- oder Bauchschmerzen vermehrt bemerkbar machen, lohnt es sich diese ernst zu nehmen und der Problematik auf den Grund zu gehen.\u2026","_links":{"self":[{"href":"https:\/\/esunicus.ch\/fr\/wp-json\/wp\/v2\/pages\/2687","targetHints":{"allow":["GET"]}}],"collection":[{"href":"https:\/\/esunicus.ch\/fr\/wp-json\/wp\/v2\/pages"}],"about":[{"href":"https:\/\/esunicus.ch\/fr\/wp-json\/wp\/v2\/types\/page"}],"author":[{"embeddable":true,"href":"https:\/\/esunicus.ch\/fr\/wp-json\/wp\/v2\/users\/1"}],"replies":[{"embeddable":true,"href":"https:\/\/esunicus.ch\/fr\/wp-json\/wp\/v2\/comments?post=2687"}],"version-history":[{"count":13,"href":"https:\/\/esunicus.ch\/fr\/wp-json\/wp\/v2\/pages\/2687\/revisions"}],"predecessor-version":[{"id":2760,"href":"https:\/\/esunicus.ch\/fr\/wp-json\/wp\/v2\/pages\/2687\/revisions\/2760"}],"wp:attachment":[{"href":"https:\/\/esunicus.ch\/fr\/wp-json\/wp\/v2\/media?parent=2687"}],"curies":[{"name":"wp","href":"https:\/\/api.w.org\/{rel}","templated":true}]}}