{"id":2159,"date":"2024-08-15T16:27:14","date_gmt":"2024-08-15T14:27:14","guid":{"rendered":"https:\/\/esunicus.ch\/?page_id=2159"},"modified":"2024-09-08T20:08:15","modified_gmt":"2024-09-08T18:08:15","slug":"ueber-mich","status":"publish","type":"page","link":"https:\/\/esunicus.ch\/fr\/ueber-mich\/","title":{"rendered":"Qui suis-je ?"},"content":{"rendered":"<div data-colibri-id=\"2159-c1\" class=\"style-784 style-local-2159-c1 position-relative\">\n  <!---->\n  <div data-colibri-component=\"section\" data-colibri-id=\"2159-c2\" id=\"about\" class=\"h-section h-section-global-spacing d-flex align-items-lg-center align-items-md-center align-items-center style-785 style-local-2159-c2 position-relative\">\n    <div class=\"background-wrapper\">\n      <div class=\"background-layer background-layer-media-container-lg\">\n        <!---->\n        <div class=\"overlay-layer\">\n          <div class=\"overlay-image-layer\" style=\"background-color: rgb(255, 255, 255); opacity: 0.9;\"><\/div>\n        <\/div>\n      <\/div>\n      <div class=\"background-layer background-layer-media-container-md\">\n        <!---->\n        <div class=\"overlay-layer\">\n          <div class=\"overlay-image-layer\" style=\"background-color: rgb(255, 255, 255); opacity: 0.9;\"><\/div>\n        <\/div>\n      <\/div>\n      <div class=\"background-layer background-layer-media-container\">\n        <!---->\n        <div class=\"overlay-layer\">\n          <div class=\"overlay-image-layer\" style=\"background-color: rgb(255, 255, 255); opacity: 0.9;\"><\/div>\n        <\/div>\n      <\/div>\n    <\/div>\n    <!---->\n    <div class=\"h-section-grid-container h-section-boxed-container\">\n      <!---->\n      <div data-colibri-id=\"2159-c3\" class=\"h-row-container gutters-row-lg-0 gutters-row-md-0 gutters-row-0 gutters-row-v-lg-0 gutters-row-v-md-0 gutters-row-v-0 style-786 style-local-2159-c3 position-relative\">\n        <!---->\n        <div class=\"h-row justify-content-lg-center justify-content-md-center justify-content-center align-items-lg-stretch align-items-md-stretch align-items-stretch gutters-col-lg-0 gutters-col-md-0 gutters-col-0 gutters-col-v-lg-0 gutters-col-v-md-0 gutters-col-v-0\">\n          <!---->\n          <div class=\"h-column h-column-container d-flex h-col-lg-auto h-col-md-auto h-col-auto style-787-outer style-local-2159-c4-outer\">\n            <div data-colibri-id=\"2159-c4\" class=\"d-flex h-flex-basis h-column__inner h-px-lg-3 h-px-md-3 h-px-3 v-inner-lg-3 v-inner-md-3 v-inner-3 style-787 style-local-2159-c4 position-relative\">\n              <!---->\n              <!---->\n              <div class=\"w-100 h-y-container h-column__content h-column__v-align flex-basis-100 align-self-lg-center align-self-md-center align-self-center\">\n                <!---->\n                <div data-colibri-id=\"2159-c5\" class=\"h-global-transition-all h-heading style-788 style-local-2159-c5 position-relative h-element\">\n                  <!---->\n                  <div class=\"h-heading__outer style-788 style-local-2159-c5\">\n                    <!---->\n                    <!---->\n                    <h3 class=\"\">\n                      <br>\n                    <\/h3>\n                  <\/div>\n                <\/div>\n                <div data-colibri-id=\"2159-c6\" data-aos=\"fadeInDown\" class=\"h-text h-text-component style-789 style-local-2159-c6 position-relative h-element\">\n                  <!---->\n                  <!---->\n                  <div class=\"\">\n                    <h3>Qui suis-je ?<\/h3>\n                    <p>Lorsqu'on me demande qui je suis, la premi\u00e8re chose \u00e0 laquelle je r\u00e9ponds est que je suis la m\u00e8re de trois merveilleux enfants. Ceux-ci sont maintenant des adultes. <\/p>\n                    <p>Depuis plus de 30 ans, j'accompagne des personnes qui, pour diverses raisons, avaient besoin de soutien dans leur chemin de vie. Gr\u00e2ce \u00e0 mon exp\u00e9rience personnelle, \u00e0 mes \u00e9tudes en sciences de l'\u00e9ducation (p\u00e9dagogie, psychologie et sociologie), ainsi qu'\u00e0 ma formation en tant que coach, j'accompagne individuellement d'autre personne tout en leur faisant profiter de mon savoir.<\/p>\n                    <p>\n                      <br>\n                    <\/p>\n                  <\/div>\n                <\/div>\n              <\/div>\n            <\/div>\n          <\/div>\n          <div class=\"h-column h-column-container d-flex h-col-lg-auto h-col-md-auto h-col-auto style-792-outer style-local-2159-c7-outer\">\n            <div data-colibri-id=\"2159-c7\" class=\"d-flex h-flex-basis h-column__inner h-ui-empty-state-container h-px-lg-2 h-px-md-2 h-px-0 v-inner-lg-2 v-inner-md-2 v-inner-0 style-792 style-local-2159-c7 position-relative\">\n              <!---->\n              <!---->\n              <div class=\"w-100 h-y-container h-column__content h-column__v-align flex-basis-100\">\n                <!---->\n              <\/div>\n            <\/div>\n          <\/div>\n          <div class=\"h-column h-column-container d-flex h-col-lg-auto h-col-md-auto h-col-auto style-793-outer style-local-2159-c8-outer\">\n            <div data-colibri-id=\"2159-c8\" class=\"d-flex h-flex-basis h-column__inner h-ui-empty-state-container h-px-lg-0 h-px-md-0 h-px-0 v-inner-lg-0 v-inner-md-0 v-inner-0 style-793 style-local-2159-c8 position-relative\">\n              <!---->\n              <!---->\n              <div class=\"w-100 h-y-container h-column__content h-column__v-align flex-basis-100\">\n                <!---->\n              <\/div>\n            <\/div>\n          <\/div>\n        <\/div>\n      <\/div>\n    <\/div>\n  <\/div>\n<\/div>","protected":false},"excerpt":{"rendered":"<p>\u00dcber mich Wenn ich gefragt werde, wer ich bin, antworte ich als erstes, dass ich die Mutter von drei wunderbaren Kinder bin. Diese sind in zwischen schon erwachsen. Beruflich begleite ich seit \u00fcber 30 Jahren Personen, die aus unterschiedlichen Gr\u00fcnden Unterst\u00fctzung auf ihrem Lebensweg ben\u00f6tigten. Gekoppelt mit dem Fachwissen aus meinem Master in Erziehungswissenschaften und [&hellip;]<\/p>","protected":false},"author":1,"featured_media":0,"parent":0,"menu_order":0,"comment_status":"closed","ping_status":"closed","template":"page-templates\/full-width-page.php","meta":{"_uag_custom_page_level_css":"","footnotes":""},"class_list":["post-2159","page","type-page","status-publish","hentry"],"yoast_head":"<!-- This site is optimized with the Yoast SEO plugin v25.1 - https:\/\/yoast.com\/wordpress\/plugins\/seo\/ -->\n<title>\u00dcber mich - weil auch Du einzigartig bist<\/title>\n<meta name=\"robots\" content=\"index, follow, max-snippet:-1, max-image-preview:large, max-video-preview:-1\" \/>\n<link rel=\"canonical\" href=\"https:\/\/esunicus.ch\/fr\/ueber-mich\/\" \/>\n<meta property=\"og:locale\" content=\"fr_FR\" \/>\n<meta property=\"og:type\" content=\"article\" \/>\n<meta property=\"og:title\" content=\"\u00dcber mich - weil auch Du einzigartig bist\" \/>\n<meta property=\"og:description\" content=\"\u00dcber mich Wenn ich gefragt werde, wer ich bin, antworte ich als erstes, dass ich die Mutter von drei wunderbaren Kinder bin. Diese sind in zwischen schon erwachsen. Beruflich begleite ich seit \u00fcber 30 Jahren Personen, die aus unterschiedlichen Gr\u00fcnden Unterst\u00fctzung auf ihrem Lebensweg ben\u00f6tigten. Gekoppelt mit dem Fachwissen aus meinem Master in Erziehungswissenschaften und [&hellip;]\" \/>\n<meta property=\"og:url\" content=\"https:\/\/esunicus.ch\/fr\/ueber-mich\/\" \/>\n<meta property=\"og:site_name\" content=\"weil auch Du einzigartig bist\" \/>\n<meta property=\"article:publisher\" content=\"https:\/\/www.facebook.com\/esunicus\" \/>\n<meta property=\"article:modified_time\" content=\"2024-09-08T18:08:15+00:00\" \/>\n<meta name=\"twitter:card\" content=\"summary_large_image\" \/>\n<meta name=\"twitter:label1\" content=\"Dur\u00e9e de lecture estim\u00e9e\" \/>\n\t<meta name=\"twitter:data1\" content=\"1 minute\" \/>\n<script type=\"application\/ld+json\" class=\"yoast-schema-graph\">{\"@context\":\"https:\/\/schema.org\",\"@graph\":[{\"@type\":\"WebPage\",\"@id\":\"https:\/\/esunicus.ch\/ueber-mich\/\",\"url\":\"https:\/\/esunicus.ch\/ueber-mich\/\",\"name\":\"\u00dcber mich - weil auch Du einzigartig bist\",\"isPartOf\":{\"@id\":\"https:\/\/esunicus.ch\/#website\"},\"datePublished\":\"2024-08-15T14:27:14+00:00\",\"dateModified\":\"2024-09-08T18:08:15+00:00\",\"breadcrumb\":{\"@id\":\"https:\/\/esunicus.ch\/ueber-mich\/#breadcrumb\"},\"inLanguage\":\"fr-FR\",\"potentialAction\":[{\"@type\":\"ReadAction\",\"target\":[\"https:\/\/esunicus.ch\/ueber-mich\/\"]}]},{\"@type\":\"BreadcrumbList\",\"@id\":\"https:\/\/esunicus.ch\/ueber-mich\/#breadcrumb\",\"itemListElement\":[{\"@type\":\"ListItem\",\"position\":1,\"name\":\"Startseite\",\"item\":\"https:\/\/esunicus.ch\/\"},{\"@type\":\"ListItem\",\"position\":2,\"name\":\"\u00dcber mich\"}]},{\"@type\":\"WebSite\",\"@id\":\"https:\/\/esunicus.ch\/#website\",\"url\":\"https:\/\/esunicus.ch\/\",\"name\":\"Sozialp\u00e4dagogische Familienbegleitung\",\"description\":\"Coaching \/ Beratung \/ Begleitung\",\"publisher\":{\"@id\":\"https:\/\/esunicus.ch\/#organization\"},\"potentialAction\":[{\"@type\":\"SearchAction\",\"target\":{\"@type\":\"EntryPoint\",\"urlTemplate\":\"https:\/\/esunicus.ch\/?s={search_term_string}\"},\"query-input\":{\"@type\":\"PropertyValueSpecification\",\"valueRequired\":true,\"valueName\":\"search_term_string\"}}],\"inLanguage\":\"fr-FR\"},{\"@type\":\"Organization\",\"@id\":\"https:\/\/esunicus.ch\/#organization\",\"name\":\"Esunicus\",\"url\":\"https:\/\/esunicus.ch\/\",\"logo\":{\"@type\":\"ImageObject\",\"inLanguage\":\"fr-FR\",\"@id\":\"https:\/\/esunicus.ch\/#\/schema\/logo\/image\/\",\"url\":\"https:\/\/esunicus.ch\/wp-content\/uploads\/2024\/08\/cropped-cropped-esunicus_logo.png\",\"contentUrl\":\"https:\/\/esunicus.ch\/wp-content\/uploads\/2024\/08\/cropped-cropped-esunicus_logo.png\",\"width\":3329,\"height\":678,\"caption\":\"Esunicus\"},\"image\":{\"@id\":\"https:\/\/esunicus.ch\/#\/schema\/logo\/image\/\"},\"sameAs\":[\"https:\/\/www.facebook.com\/esunicus\"]}]}<\/script>\n<!-- \/ Yoast SEO plugin. -->","yoast_head_json":{"title":"\u00dcber mich - weil auch Du einzigartig bist","robots":{"index":"index","follow":"follow","max-snippet":"max-snippet:-1","max-image-preview":"max-image-preview:large","max-video-preview":"max-video-preview:-1"},"canonical":"https:\/\/esunicus.ch\/fr\/ueber-mich\/","og_locale":"fr_FR","og_type":"article","og_title":"\u00dcber mich - weil auch Du einzigartig bist","og_description":"\u00dcber mich Wenn ich gefragt werde, wer ich bin, antworte ich als erstes, dass ich die Mutter von drei wunderbaren Kinder bin. Diese sind in zwischen schon erwachsen. Beruflich begleite ich seit \u00fcber 30 Jahren Personen, die aus unterschiedlichen Gr\u00fcnden Unterst\u00fctzung auf ihrem Lebensweg ben\u00f6tigten. Gekoppelt mit dem Fachwissen aus meinem Master in Erziehungswissenschaften und [&hellip;]","og_url":"https:\/\/esunicus.ch\/fr\/ueber-mich\/","og_site_name":"weil auch Du einzigartig bist","article_publisher":"https:\/\/www.facebook.com\/esunicus","article_modified_time":"2024-09-08T18:08:15+00:00","twitter_card":"summary_large_image","twitter_misc":{"Dur\u00e9e de lecture estim\u00e9e":"1 minute"},"schema":{"@context":"https:\/\/schema.org","@graph":[{"@type":"WebPage","@id":"https:\/\/esunicus.ch\/ueber-mich\/","url":"https:\/\/esunicus.ch\/ueber-mich\/","name":"\u00dcber mich - weil auch Du einzigartig bist","isPartOf":{"@id":"https:\/\/esunicus.ch\/#website"},"datePublished":"2024-08-15T14:27:14+00:00","dateModified":"2024-09-08T18:08:15+00:00","breadcrumb":{"@id":"https:\/\/esunicus.ch\/ueber-mich\/#breadcrumb"},"inLanguage":"fr-FR","potentialAction":[{"@type":"ReadAction","target":["https:\/\/esunicus.ch\/ueber-mich\/"]}]},{"@type":"BreadcrumbList","@id":"https:\/\/esunicus.ch\/ueber-mich\/#breadcrumb","itemListElement":[{"@type":"ListItem","position":1,"name":"Startseite","item":"https:\/\/esunicus.ch\/"},{"@type":"ListItem","position":2,"name":"\u00dcber mich"}]},{"@type":"WebSite","@id":"https:\/\/esunicus.ch\/#website","url":"https:\/\/esunicus.ch\/","name":"Sozialp\u00e4dagogische Familienbegleitung","description":"Coaching \/ Beratung \/ Begleitung","publisher":{"@id":"https:\/\/esunicus.ch\/#organization"},"potentialAction":[{"@type":"SearchAction","target":{"@type":"EntryPoint","urlTemplate":"https:\/\/esunicus.ch\/?s={search_term_string}"},"query-input":{"@type":"PropertyValueSpecification","valueRequired":true,"valueName":"search_term_string"}}],"inLanguage":"fr-FR"},{"@type":"Organization","@id":"https:\/\/esunicus.ch\/#organization","name":"Esunicus","url":"https:\/\/esunicus.ch\/","logo":{"@type":"ImageObject","inLanguage":"fr-FR","@id":"https:\/\/esunicus.ch\/#\/schema\/logo\/image\/","url":"https:\/\/esunicus.ch\/wp-content\/uploads\/2024\/08\/cropped-cropped-esunicus_logo.png","contentUrl":"https:\/\/esunicus.ch\/wp-content\/uploads\/2024\/08\/cropped-cropped-esunicus_logo.png","width":3329,"height":678,"caption":"Esunicus"},"image":{"@id":"https:\/\/esunicus.ch\/#\/schema\/logo\/image\/"},"sameAs":["https:\/\/www.facebook.com\/esunicus"]}]}},"uagb_featured_image_src":{"full":false,"thumbnail":false,"medium":false,"medium_large":false,"large":false,"1536x1536":false,"2048x2048":false,"trp-custom-language-flag":false},"uagb_author_info":{"display_name":"Tania","author_link":"https:\/\/esunicus.ch\/fr\/author\/tania\/"},"uagb_comment_info":0,"uagb_excerpt":"\u00dcber mich Wenn ich gefragt werde, wer ich bin, antworte ich als erstes, dass ich die Mutter von drei wunderbaren Kinder bin. Diese sind in zwischen schon erwachsen. Beruflich begleite ich seit \u00fcber 30 Jahren Personen, die aus unterschiedlichen Gr\u00fcnden Unterst\u00fctzung auf ihrem Lebensweg ben\u00f6tigten. Gekoppelt mit dem Fachwissen aus meinem Master in Erziehungswissenschaften und\u2026","_links":{"self":[{"href":"https:\/\/esunicus.ch\/fr\/wp-json\/wp\/v2\/pages\/2159","targetHints":{"allow":["GET"]}}],"collection":[{"href":"https:\/\/esunicus.ch\/fr\/wp-json\/wp\/v2\/pages"}],"about":[{"href":"https:\/\/esunicus.ch\/fr\/wp-json\/wp\/v2\/types\/page"}],"author":[{"embeddable":true,"href":"https:\/\/esunicus.ch\/fr\/wp-json\/wp\/v2\/users\/1"}],"replies":[{"embeddable":true,"href":"https:\/\/esunicus.ch\/fr\/wp-json\/wp\/v2\/comments?post=2159"}],"version-history":[{"count":7,"href":"https:\/\/esunicus.ch\/fr\/wp-json\/wp\/v2\/pages\/2159\/revisions"}],"predecessor-version":[{"id":2646,"href":"https:\/\/esunicus.ch\/fr\/wp-json\/wp\/v2\/pages\/2159\/revisions\/2646"}],"wp:attachment":[{"href":"https:\/\/esunicus.ch\/fr\/wp-json\/wp\/v2\/media?parent=2159"}],"curies":[{"name":"wp","href":"https:\/\/api.w.org\/{rel}","templated":true}]}}