{"id":155,"date":"2023-07-31T02:23:07","date_gmt":"2023-07-31T00:23:07","guid":{"rendered":"https:\/\/esunicus.ch\/?page_id=155"},"modified":"2024-08-20T22:58:27","modified_gmt":"2024-08-20T20:58:27","slug":"coaching-selbsthilfe","status":"publish","type":"page","link":"https:\/\/esunicus.ch\/fr\/coaching-selbsthilfe\/","title":{"rendered":"Coaching"},"content":{"rendered":"<div data-colibri-id=\"155-c1\" class=\"style-463 style-local-155-c1 position-relative\">\n  <!---->\n  <div data-colibri-component=\"section\" data-colibri-id=\"155-c2\" id=\"about\" class=\"h-section h-section-global-spacing d-flex align-items-lg-center align-items-md-center align-items-center style-739 style-local-155-c2 position-relative\">\n    <!---->\n    <!---->\n    <div class=\"h-section-grid-container h-section-boxed-container\">\n      <!---->\n      <div data-colibri-id=\"155-c3\" class=\"h-row-container gutters-row-lg-2 gutters-row-md-2 gutters-row-0 gutters-row-v-lg-2 gutters-row-v-md-2 gutters-row-v-2 style-783 style-local-155-c3 position-relative\">\n        <!---->\n        <div class=\"h-row justify-content-lg-center justify-content-md-center justify-content-center align-items-lg-stretch align-items-md-stretch align-items-stretch gutters-col-lg-2 gutters-col-md-2 gutters-col-0 gutters-col-v-lg-2 gutters-col-v-md-2 gutters-col-v-2\">\n          <!---->\n          <div data-aos=\"fadeInDown\" class=\"h-column h-column-container d-flex h-col-lg-auto h-col-md-auto h-col-auto style-741-outer style-local-155-c4-outer\">\n            <div data-colibri-id=\"155-c4\" class=\"d-flex h-flex-basis h-column__inner h-px-lg-2 h-px-md-2 h-px-2 v-inner-lg-2 v-inner-md-2 v-inner-2 style-741 style-local-155-c4 position-relative\">\n              <!---->\n              <!---->\n              <div class=\"w-100 h-y-container h-column__content h-column__v-align flex-basis-100 align-self-lg-center align-self-md-center align-self-center\">\n                <!---->\n                <div data-colibri-id=\"155-c5\" class=\"h-global-transition-all h-heading style-742 style-local-155-c5 position-relative h-element\">\n                  <!---->\n                  <div class=\"h-heading__outer style-742 style-local-155-c5\">\n                    <!---->\n                    <!---->\n                    <h3 class=\"\">Coaching<\/h3>\n                  <\/div>\n                <\/div>\n                <div data-colibri-id=\"155-c6\" class=\"h-text h-text-component style-743 style-local-155-c6 position-relative h-element\">\n                  <!---->\n                  <!---->\n                  <div class=\"\">\n                    <p><span style=\"font-family: Open Sans;\">Dans le coaching, tout tourne autour de toi!<\/span><\/p>\n                    <p><span style=\"font-family: Open Sans;\">Je t'accompagnerai pour que tu puisse te rapprocher, \u00e9tape par \u00e9tape, des objectifs que tu t'es fix\u00e9. Tu apprendra des strat\u00e9gies de solutions afin que tu puisses continuer sur ton chemin vers une vie \u00e9panouissante de mani\u00e8re autonome.<\/span><\/p>\n                    <p><span style=\"font-family: Open Sans;\">Les entretiens se d\u00e9roulent g\u00e9n\u00e9ralement par conf\u00e9rence visuelle.<br><\/span><\/p>\n                    <p><span style=\"font-family: Open Sans;\">R\u00e9serves ta premi\u00e8re consultation gratuite d\u00e8s aujourd\u2019hui.<\/span>\n                      <br>\n                    <\/p>\n                  <\/div>\n                <\/div>\n              <\/div>\n            <\/div>\n          <\/div>\n          <div class=\"h-column h-column-container d-flex h-col-lg-auto h-col-md-auto h-col-auto style-746-outer style-local-155-c7-outer\">\n            <div data-colibri-id=\"155-c7\" class=\"d-flex h-flex-basis h-column__inner h-ui-empty-state-container h-px-lg-2 h-px-md-2 h-px-2 v-inner-lg-2 v-inner-md-2 v-inner-2 style-746 style-local-155-c7 position-relative\">\n              <!---->\n              <!---->\n              <div class=\"w-100 h-y-container h-column__content h-column__v-align flex-basis-100\">\n                <!---->\n              <\/div>\n            <\/div>\n          <\/div>\n        <\/div>\n      <\/div>\n    <\/div>\n  <\/div>\n<\/div>","protected":false},"excerpt":{"rendered":"<p>Coaching Beim Coaching geht es nur um Dich! Ich unterst\u00fctze Dich damit Du Deine selbstgesetzten Ziele Schritt f\u00fcr Schritt n\u00e4her kommst. Dabei lernst Du L\u00f6sungsstrategien, damit Du in Zukunft Deinen Weg in ein erf\u00fclltes Leben weiter ohne mich gehen kannst. Die Gespr\u00e4che finden in der Regel per Visiokonferenz statt. Buche heute Dein kostenloses Erstgespr\u00e4ch.<\/p>","protected":false},"author":1,"featured_media":0,"parent":0,"menu_order":0,"comment_status":"closed","ping_status":"closed","template":"page-templates\/full-width-page.php","meta":{"_uag_custom_page_level_css":"","footnotes":""},"class_list":["post-155","page","type-page","status-publish","hentry"],"yoast_head":"<!-- This site is optimized with the Yoast SEO plugin v25.1 - https:\/\/yoast.com\/wordpress\/plugins\/seo\/ -->\n<title>Coaching - weil auch Du einzigartig bist<\/title>\n<meta name=\"description\" content=\"Im Coaching geht es nur um Dich. Ich unterst\u00fctze Dich dabei, wenn Du Deine Gegenwart und Deine Zukunft neu gestalten m\u00f6chtest.\" \/>\n<meta name=\"robots\" content=\"index, follow, max-snippet:-1, max-image-preview:large, max-video-preview:-1\" \/>\n<link rel=\"canonical\" href=\"https:\/\/esunicus.ch\/fr\/coaching-selbsthilfe\/\" \/>\n<meta property=\"og:locale\" content=\"fr_FR\" \/>\n<meta property=\"og:type\" content=\"article\" \/>\n<meta property=\"og:title\" content=\"Coaching - weil auch Du einzigartig bist\" \/>\n<meta property=\"og:description\" content=\"Im Coaching geht es nur um Dich. Ich unterst\u00fctze Dich dabei, wenn Du Deine Gegenwart und Deine Zukunft neu gestalten m\u00f6chtest.\" \/>\n<meta property=\"og:url\" content=\"https:\/\/esunicus.ch\/fr\/coaching-selbsthilfe\/\" \/>\n<meta property=\"og:site_name\" content=\"weil auch Du einzigartig bist\" \/>\n<meta property=\"article:publisher\" content=\"https:\/\/www.facebook.com\/esunicus\" \/>\n<meta property=\"article:modified_time\" content=\"2024-08-20T20:58:27+00:00\" \/>\n<meta name=\"twitter:card\" content=\"summary_large_image\" \/>\n<meta name=\"twitter:label1\" content=\"Dur\u00e9e de lecture estim\u00e9e\" \/>\n\t<meta name=\"twitter:data1\" content=\"1 minute\" \/>\n<script type=\"application\/ld+json\" class=\"yoast-schema-graph\">{\"@context\":\"https:\/\/schema.org\",\"@graph\":[{\"@type\":\"WebPage\",\"@id\":\"https:\/\/esunicus.ch\/coaching-selbsthilfe\/\",\"url\":\"https:\/\/esunicus.ch\/coaching-selbsthilfe\/\",\"name\":\"Coaching - weil auch Du einzigartig bist\",\"isPartOf\":{\"@id\":\"https:\/\/esunicus.ch\/#website\"},\"datePublished\":\"2023-07-31T00:23:07+00:00\",\"dateModified\":\"2024-08-20T20:58:27+00:00\",\"description\":\"Im Coaching geht es nur um Dich. Ich unterst\u00fctze Dich dabei, wenn Du Deine Gegenwart und Deine Zukunft neu gestalten m\u00f6chtest.\",\"breadcrumb\":{\"@id\":\"https:\/\/esunicus.ch\/coaching-selbsthilfe\/#breadcrumb\"},\"inLanguage\":\"fr-FR\",\"potentialAction\":[{\"@type\":\"ReadAction\",\"target\":[\"https:\/\/esunicus.ch\/coaching-selbsthilfe\/\"]}]},{\"@type\":\"BreadcrumbList\",\"@id\":\"https:\/\/esunicus.ch\/coaching-selbsthilfe\/#breadcrumb\",\"itemListElement\":[{\"@type\":\"ListItem\",\"position\":1,\"name\":\"Startseite\",\"item\":\"https:\/\/esunicus.ch\/\"},{\"@type\":\"ListItem\",\"position\":2,\"name\":\"Coaching\"}]},{\"@type\":\"WebSite\",\"@id\":\"https:\/\/esunicus.ch\/#website\",\"url\":\"https:\/\/esunicus.ch\/\",\"name\":\"Sozialp\u00e4dagogische Familienbegleitung\",\"description\":\"Coaching \/ Beratung \/ Begleitung\",\"publisher\":{\"@id\":\"https:\/\/esunicus.ch\/#organization\"},\"potentialAction\":[{\"@type\":\"SearchAction\",\"target\":{\"@type\":\"EntryPoint\",\"urlTemplate\":\"https:\/\/esunicus.ch\/?s={search_term_string}\"},\"query-input\":{\"@type\":\"PropertyValueSpecification\",\"valueRequired\":true,\"valueName\":\"search_term_string\"}}],\"inLanguage\":\"fr-FR\"},{\"@type\":\"Organization\",\"@id\":\"https:\/\/esunicus.ch\/#organization\",\"name\":\"Esunicus\",\"url\":\"https:\/\/esunicus.ch\/\",\"logo\":{\"@type\":\"ImageObject\",\"inLanguage\":\"fr-FR\",\"@id\":\"https:\/\/esunicus.ch\/#\/schema\/logo\/image\/\",\"url\":\"https:\/\/esunicus.ch\/wp-content\/uploads\/2024\/08\/cropped-cropped-esunicus_logo.png\",\"contentUrl\":\"https:\/\/esunicus.ch\/wp-content\/uploads\/2024\/08\/cropped-cropped-esunicus_logo.png\",\"width\":3329,\"height\":678,\"caption\":\"Esunicus\"},\"image\":{\"@id\":\"https:\/\/esunicus.ch\/#\/schema\/logo\/image\/\"},\"sameAs\":[\"https:\/\/www.facebook.com\/esunicus\"]}]}<\/script>\n<!-- \/ Yoast SEO plugin. -->","yoast_head_json":{"title":"Coaching - weil auch Du einzigartig bist","description":"Im Coaching geht es nur um Dich. Ich unterst\u00fctze Dich dabei, wenn Du Deine Gegenwart und Deine Zukunft neu gestalten m\u00f6chtest.","robots":{"index":"index","follow":"follow","max-snippet":"max-snippet:-1","max-image-preview":"max-image-preview:large","max-video-preview":"max-video-preview:-1"},"canonical":"https:\/\/esunicus.ch\/fr\/coaching-selbsthilfe\/","og_locale":"fr_FR","og_type":"article","og_title":"Coaching - weil auch Du einzigartig bist","og_description":"Im Coaching geht es nur um Dich. Ich unterst\u00fctze Dich dabei, wenn Du Deine Gegenwart und Deine Zukunft neu gestalten m\u00f6chtest.","og_url":"https:\/\/esunicus.ch\/fr\/coaching-selbsthilfe\/","og_site_name":"weil auch Du einzigartig bist","article_publisher":"https:\/\/www.facebook.com\/esunicus","article_modified_time":"2024-08-20T20:58:27+00:00","twitter_card":"summary_large_image","twitter_misc":{"Dur\u00e9e de lecture estim\u00e9e":"1 minute"},"schema":{"@context":"https:\/\/schema.org","@graph":[{"@type":"WebPage","@id":"https:\/\/esunicus.ch\/coaching-selbsthilfe\/","url":"https:\/\/esunicus.ch\/coaching-selbsthilfe\/","name":"Coaching - weil auch Du einzigartig bist","isPartOf":{"@id":"https:\/\/esunicus.ch\/#website"},"datePublished":"2023-07-31T00:23:07+00:00","dateModified":"2024-08-20T20:58:27+00:00","description":"Im Coaching geht es nur um Dich. Ich unterst\u00fctze Dich dabei, wenn Du Deine Gegenwart und Deine Zukunft neu gestalten m\u00f6chtest.","breadcrumb":{"@id":"https:\/\/esunicus.ch\/coaching-selbsthilfe\/#breadcrumb"},"inLanguage":"fr-FR","potentialAction":[{"@type":"ReadAction","target":["https:\/\/esunicus.ch\/coaching-selbsthilfe\/"]}]},{"@type":"BreadcrumbList","@id":"https:\/\/esunicus.ch\/coaching-selbsthilfe\/#breadcrumb","itemListElement":[{"@type":"ListItem","position":1,"name":"Startseite","item":"https:\/\/esunicus.ch\/"},{"@type":"ListItem","position":2,"name":"Coaching"}]},{"@type":"WebSite","@id":"https:\/\/esunicus.ch\/#website","url":"https:\/\/esunicus.ch\/","name":"Sozialp\u00e4dagogische Familienbegleitung","description":"Coaching \/ Beratung \/ Begleitung","publisher":{"@id":"https:\/\/esunicus.ch\/#organization"},"potentialAction":[{"@type":"SearchAction","target":{"@type":"EntryPoint","urlTemplate":"https:\/\/esunicus.ch\/?s={search_term_string}"},"query-input":{"@type":"PropertyValueSpecification","valueRequired":true,"valueName":"search_term_string"}}],"inLanguage":"fr-FR"},{"@type":"Organization","@id":"https:\/\/esunicus.ch\/#organization","name":"Esunicus","url":"https:\/\/esunicus.ch\/","logo":{"@type":"ImageObject","inLanguage":"fr-FR","@id":"https:\/\/esunicus.ch\/#\/schema\/logo\/image\/","url":"https:\/\/esunicus.ch\/wp-content\/uploads\/2024\/08\/cropped-cropped-esunicus_logo.png","contentUrl":"https:\/\/esunicus.ch\/wp-content\/uploads\/2024\/08\/cropped-cropped-esunicus_logo.png","width":3329,"height":678,"caption":"Esunicus"},"image":{"@id":"https:\/\/esunicus.ch\/#\/schema\/logo\/image\/"},"sameAs":["https:\/\/www.facebook.com\/esunicus"]}]}},"uagb_featured_image_src":{"full":false,"thumbnail":false,"medium":false,"medium_large":false,"large":false,"1536x1536":false,"2048x2048":false,"trp-custom-language-flag":false},"uagb_author_info":{"display_name":"Tania","author_link":"https:\/\/esunicus.ch\/fr\/author\/tania\/"},"uagb_comment_info":0,"uagb_excerpt":"Coaching Beim Coaching geht es nur um Dich! Ich unterst\u00fctze Dich damit Du Deine selbstgesetzten Ziele Schritt f\u00fcr Schritt n\u00e4her kommst. Dabei lernst Du L\u00f6sungsstrategien, damit Du in Zukunft Deinen Weg in ein erf\u00fclltes Leben weiter ohne mich gehen kannst. Die Gespr\u00e4che finden in der Regel per Visiokonferenz statt. Buche heute Dein kostenloses Erstgespr\u00e4ch.","_links":{"self":[{"href":"https:\/\/esunicus.ch\/fr\/wp-json\/wp\/v2\/pages\/155","targetHints":{"allow":["GET"]}}],"collection":[{"href":"https:\/\/esunicus.ch\/fr\/wp-json\/wp\/v2\/pages"}],"about":[{"href":"https:\/\/esunicus.ch\/fr\/wp-json\/wp\/v2\/types\/page"}],"author":[{"embeddable":true,"href":"https:\/\/esunicus.ch\/fr\/wp-json\/wp\/v2\/users\/1"}],"replies":[{"embeddable":true,"href":"https:\/\/esunicus.ch\/fr\/wp-json\/wp\/v2\/comments?post=155"}],"version-history":[{"count":20,"href":"https:\/\/esunicus.ch\/fr\/wp-json\/wp\/v2\/pages\/155\/revisions"}],"predecessor-version":[{"id":2627,"href":"https:\/\/esunicus.ch\/fr\/wp-json\/wp\/v2\/pages\/155\/revisions\/2627"}],"wp:attachment":[{"href":"https:\/\/esunicus.ch\/fr\/wp-json\/wp\/v2\/media?parent=155"}],"curies":[{"name":"wp","href":"https:\/\/api.w.org\/{rel}","templated":true}]}}